{"id":98119,"date":"2024-09-10T13:11:18","date_gmt":"2024-09-10T13:11:18","guid":{"rendered":"https:\/\/staging.aavesa.com\/product\/gyermek-szorme-csizma-911\/"},"modified":"2024-09-10T13:11:18","modified_gmt":"2024-09-10T13:11:18","slug":"gyermek-szorme-csizma-911","status":"publish","type":"product","link":"https:\/\/staging.aavesa.com\/hu\/product\/gyermek-szorme-csizma-911\/","title":{"rendered":"Gyermek sz\u0151rme csizma 911"},"content":{"rendered":"<p>Ezek a kisgyermekeknek sz\u00e1nt sz\u0151rmebakancsok t\u00f6k\u00e9letesek a hideg \u00e9vszakban a k\u00e9nyelem \u00e9s a melegs\u00e9g biztos\u00edt\u00e1s\u00e1hoz. A puha \u00e9s meleg sz\u0151rm\u00e9b\u0151l k\u00e9sz\u00fclt csizm\u00e1k ide\u00e1lisak a mindennapi viselethez, melegen \u00e9s v\u00e9dve tartj\u00e1k a kis l\u00e1bakat. A csatolt gomb seg\u00edt a l\u00e1bon val\u00f3 biztos r\u00f6gz\u00edt\u00e9sben, biztons\u00e1got \u00e9s stabilit\u00e1st ny\u00fajtva visel\u00e9s k\u00f6zben. Ezek a csizm\u00e1k nem csak praktikusak, de csod\u00e1latos aj\u00e1nd\u00e9k is lehet b\u00e1rmelyik gyermek sz\u00e1m\u00e1ra. A k\u00e9nyelmes \u00e9s k\u00f6nnyen \u00f6sszeilleszthet\u0151 sz\u0151rmecsizm\u00e1k a gyermekek t\u00e9li ruhat\u00e1r\u00e1nak elengedhetetlen kell\u00e9kei. A bakancsok a k\u00f6vetkez\u0151 sz\u00ednekben kaphat\u00f3k: b\u00e9zs, konyak, sz\u00fcrke, menta, taupe \u00e9s r\u00f3zsasz\u00edn.     <\/p>\n","protected":false},"excerpt":{"rendered":"<p>Ezek a kisgyermekeknek sz\u00e1nt sz\u0151rmebakancsok t\u00f6k\u00e9letesek a hideg \u00e9vszakban a k\u00e9nyelem \u00e9s a melegs\u00e9g biztos\u00edt\u00e1s\u00e1hoz. A puha \u00e9s meleg sz\u0151rm\u00e9b\u0151l k\u00e9sz\u00fclt csizm\u00e1k ide\u00e1lisak a mindennapi viselethez, melegen \u00e9s v\u00e9dve tartj\u00e1k a kis l\u00e1bakat. A csatolt gomb seg\u00edt a l\u00e1bon val\u00f3 biztos r\u00f6gz\u00edt\u00e9sben, biztons\u00e1got \u00e9s stabilit\u00e1st ny\u00fajtva visel\u00e9s k\u00f6zben. Ezek a csizm\u00e1k nem csak praktikusak, de [&hellip;]<\/p>\n","protected":false},"featured_media":95846,"comment_status":"closed","ping_status":"closed","template":"","meta":{"_acf_changed":false,"inline_featured_image":false},"product_brand":[],"product_cat":[880,801,816],"product_tag":[],"class_list":{"0":"post-98119","1":"product","2":"type-product","3":"status-publish","4":"has-post-thumbnail","6":"product_cat-2024-2025-kollekcio","7":"product_cat-baranybor-papucs","8":"product_cat-juhbor-papucsok-ferfiaknak","10":"first","11":"instock","12":"taxable","13":"shipping-taxable","14":"purchasable","15":"product-type-variable","16":"has-default-attributes","17":"wvs-archive-product-wrapper"},"acf":{"categorie_feed":""},"aioseo_notices":[],"_links":{"self":[{"href":"https:\/\/staging.aavesa.com\/hu\/wp-json\/wp\/v2\/product\/98119","targetHints":{"allow":["GET"]}}],"collection":[{"href":"https:\/\/staging.aavesa.com\/hu\/wp-json\/wp\/v2\/product"}],"about":[{"href":"https:\/\/staging.aavesa.com\/hu\/wp-json\/wp\/v2\/types\/product"}],"replies":[{"embeddable":true,"href":"https:\/\/staging.aavesa.com\/hu\/wp-json\/wp\/v2\/comments?post=98119"}],"wp:featuredmedia":[{"embeddable":true,"href":"https:\/\/staging.aavesa.com\/hu\/wp-json\/wp\/v2\/media\/95846"}],"wp:attachment":[{"href":"https:\/\/staging.aavesa.com\/hu\/wp-json\/wp\/v2\/media?parent=98119"}],"wp:term":[{"taxonomy":"product_brand","embeddable":true,"href":"https:\/\/staging.aavesa.com\/hu\/wp-json\/wp\/v2\/product_brand?post=98119"},{"taxonomy":"product_cat","embeddable":true,"href":"https:\/\/staging.aavesa.com\/hu\/wp-json\/wp\/v2\/product_cat?post=98119"},{"taxonomy":"product_tag","embeddable":true,"href":"https:\/\/staging.aavesa.com\/hu\/wp-json\/wp\/v2\/product_tag?post=98119"}],"curies":[{"name":"wp","href":"https:\/\/api.w.org\/{rel}","templated":true}]}}