{"id":98111,"date":"2024-09-10T13:09:12","date_gmt":"2024-09-10T13:09:12","guid":{"rendered":"https:\/\/staging.aavesa.com\/product\/szorme-fulvedo-942\/"},"modified":"2024-09-10T13:09:12","modified_gmt":"2024-09-10T13:09:12","slug":"szorme-fulvedo-942","status":"publish","type":"product","link":"https:\/\/staging.aavesa.com\/hu\/product\/szorme-fulvedo-942\/","title":{"rendered":"Sz\u0151rme f\u00fclv\u00e9d\u0151 942"},"content":{"rendered":"<p>Ezek a term\u00e9szetes ny\u00falsz\u0151rm\u00e9b\u0151l k\u00e9sz\u00fclt f\u00fclv\u00e9d\u0151k t\u00f6k\u00e9letes kieg\u00e9sz\u00edt\u0151i a t\u00e9li szezonban a hideg elleni v\u00e9delemnek, mik\u00f6zben st\u00edlusosan eg\u00e9sz\u00edtik ki a ruh\u00e1zatot. Rendk\u00edv\u00fcl divatos \u00e9s trendi, ezek a f\u00fclv\u00e9d\u0151k ide\u00e1lisak arra, hogy eleg\u00e1ns \u00e9s kifinomult hangs\u00falyt adjanak megjelen\u00e9s\u00e9nek. Kiv\u00e1l\u00f3 min\u0151s\u00e9g\u0171 sz\u0151rm\u00e9b\u0151l k\u00e9sz\u00fcltek, h\u0151komfortot \u00e9s eleg\u00e1ns megjelen\u00e9st biztos\u00edtanak, \u00edgy minden megjelen\u00e9s eml\u00e9kezetess\u00e9 v\u00e1lik. Ezek a ny\u00falsz\u0151rme f\u00fclv\u00e9d\u0151k t\u00f6k\u00e9letesen kieg\u00e9sz\u00edtik a t\u00e9li \u00f6lt\u00f6z\u00e9ket, \u00e9s kihagyhatatlan kieg\u00e9sz\u00edt\u0151i azoknak, akik egyszerre \u00e9rt\u00e9kelik az eleganci\u00e1t \u00e9s a meleget.   <\/p>\n","protected":false},"excerpt":{"rendered":"<p>Ezek a term\u00e9szetes ny\u00falsz\u0151rm\u00e9b\u0151l k\u00e9sz\u00fclt f\u00fclv\u00e9d\u0151k t\u00f6k\u00e9letes kieg\u00e9sz\u00edt\u0151i a t\u00e9li szezonban a hideg elleni v\u00e9delemnek, mik\u00f6zben st\u00edlusosan eg\u00e9sz\u00edtik ki a ruh\u00e1zatot. Rendk\u00edv\u00fcl divatos \u00e9s trendi, ezek a f\u00fclv\u00e9d\u0151k ide\u00e1lisak arra, hogy eleg\u00e1ns \u00e9s kifinomult hangs\u00falyt adjanak megjelen\u00e9s\u00e9nek. Kiv\u00e1l\u00f3 min\u0151s\u00e9g\u0171 sz\u0151rm\u00e9b\u0151l k\u00e9sz\u00fcltek, h\u0151komfortot \u00e9s eleg\u00e1ns megjelen\u00e9st biztos\u00edtanak, \u00edgy minden megjelen\u00e9s eml\u00e9kezetess\u00e9 v\u00e1lik. Ezek a ny\u00falsz\u0151rme f\u00fclv\u00e9d\u0151k [&hellip;]<\/p>\n","protected":false},"featured_media":94757,"comment_status":"closed","ping_status":"closed","template":"","meta":{"_acf_changed":false,"inline_featured_image":false},"product_brand":[],"product_cat":[880,795,807],"product_tag":[],"class_list":{"0":"post-98111","1":"product","2":"type-product","3":"status-publish","4":"has-post-thumbnail","6":"product_cat-2024-2025-kollekcio","7":"product_cat-kiegeszitok","8":"product_cat-szorme-kiegeszitok","10":"first","11":"instock","12":"taxable","13":"shipping-taxable","14":"purchasable","15":"product-type-variable","16":"has-default-attributes","17":"wvs-archive-product-wrapper"},"acf":{"categorie_feed":""},"aioseo_notices":[],"_links":{"self":[{"href":"https:\/\/staging.aavesa.com\/hu\/wp-json\/wp\/v2\/product\/98111","targetHints":{"allow":["GET"]}}],"collection":[{"href":"https:\/\/staging.aavesa.com\/hu\/wp-json\/wp\/v2\/product"}],"about":[{"href":"https:\/\/staging.aavesa.com\/hu\/wp-json\/wp\/v2\/types\/product"}],"replies":[{"embeddable":true,"href":"https:\/\/staging.aavesa.com\/hu\/wp-json\/wp\/v2\/comments?post=98111"}],"wp:featuredmedia":[{"embeddable":true,"href":"https:\/\/staging.aavesa.com\/hu\/wp-json\/wp\/v2\/media\/94757"}],"wp:attachment":[{"href":"https:\/\/staging.aavesa.com\/hu\/wp-json\/wp\/v2\/media?parent=98111"}],"wp:term":[{"taxonomy":"product_brand","embeddable":true,"href":"https:\/\/staging.aavesa.com\/hu\/wp-json\/wp\/v2\/product_brand?post=98111"},{"taxonomy":"product_cat","embeddable":true,"href":"https:\/\/staging.aavesa.com\/hu\/wp-json\/wp\/v2\/product_cat?post=98111"},{"taxonomy":"product_tag","embeddable":true,"href":"https:\/\/staging.aavesa.com\/hu\/wp-json\/wp\/v2\/product_tag?post=98111"}],"curies":[{"name":"wp","href":"https:\/\/api.w.org\/{rel}","templated":true}]}}