{"id":98100,"date":"2024-09-10T10:14:46","date_gmt":"2024-09-10T10:14:46","guid":{"rendered":"https:\/\/staging.aavesa.com\/product\/birkabor-hazi-papucs-910\/"},"modified":"2024-09-10T10:14:46","modified_gmt":"2024-09-10T10:14:46","slug":"birkabor-hazi-papucs-910","status":"publish","type":"product","link":"https:\/\/staging.aavesa.com\/hu\/product\/birkabor-hazi-papucs-910\/","title":{"rendered":"Birkab\u0151r h\u00e1zi papucs 910"},"content":{"rendered":"<p>Ezek a term\u00e9szetes b\u00e1r\u00e1nyb\u0151rb\u0151l k\u00e9sz\u00fclt n\u0151i h\u00e1zipapucsok k\u00e9nyelmet \u00e9s meleget ny\u00fajtanak, \u00edgy t\u00f6k\u00e9letesek a k\u00e9nyelmes otthoni pihen\u00e9shez. A jellegzetes kialak\u00edt\u00e1s\u00fa \u00e9s rendk\u00edv\u00fcl puha text\u00far\u00e1j\u00fa papucsok ide\u00e1lisak szem\u00e9lyes haszn\u00e1latra \u00e9s aj\u00e1nd\u00e9kk\u00e9nt is egy szerett\u00fcnknek. Meleg \u00e9s eleg\u00e1ns, a hideg \u00e9vszakban is alkalmasak, eg\u00e9sz nap melegen \u00e9s k\u00e9nyelmesen tartj\u00e1k a l\u00e1b\u00e1t. A kiv\u00e1l\u00f3 min\u0151s\u00e9g\u0171 anyagoknak k\u00f6sz\u00f6nhet\u0151en ezek a papucsok tart\u00f3sak, \u00e9s egy csipetnyi kifinomults\u00e1got k\u00f6lcs\u00f6n\u00f6znek a pihen\u00e9s pillanatainak. A papucs a k\u00f6vetkez\u0151 sz\u00ednekben kaphat\u00f3: b\u00e9zs, barna, sz\u00fcrke, ol\u00edva \u00e9s taupe.    <\/p>\n","protected":false},"excerpt":{"rendered":"<p>Ezek a term\u00e9szetes b\u00e1r\u00e1nyb\u0151rb\u0151l k\u00e9sz\u00fclt n\u0151i h\u00e1zipapucsok k\u00e9nyelmet \u00e9s meleget ny\u00fajtanak, \u00edgy t\u00f6k\u00e9letesek a k\u00e9nyelmes otthoni pihen\u00e9shez. A jellegzetes kialak\u00edt\u00e1s\u00fa \u00e9s rendk\u00edv\u00fcl puha text\u00far\u00e1j\u00fa papucsok ide\u00e1lisak szem\u00e9lyes haszn\u00e1latra \u00e9s aj\u00e1nd\u00e9kk\u00e9nt is egy szerett\u00fcnknek. Meleg \u00e9s eleg\u00e1ns, a hideg \u00e9vszakban is alkalmasak, eg\u00e9sz nap melegen \u00e9s k\u00e9nyelmesen tartj\u00e1k a l\u00e1b\u00e1t. A kiv\u00e1l\u00f3 min\u0151s\u00e9g\u0171 anyagoknak k\u00f6sz\u00f6nhet\u0151en ezek [&hellip;]<\/p>\n","protected":false},"featured_media":95796,"comment_status":"closed","ping_status":"closed","template":"","meta":{"_acf_changed":false,"inline_featured_image":false},"product_brand":[],"product_cat":[880,801,795,741],"product_tag":[],"class_list":{"0":"post-98100","1":"product","2":"type-product","3":"status-publish","4":"has-post-thumbnail","6":"product_cat-2024-2025-kollekcio","7":"product_cat-baranybor-papucs","8":"product_cat-kiegeszitok","9":"product_cat-nok","11":"first","12":"instock","13":"taxable","14":"shipping-taxable","15":"purchasable","16":"product-type-variable","17":"has-default-attributes","18":"wvs-archive-product-wrapper"},"acf":{"categorie_feed":""},"aioseo_notices":[],"_links":{"self":[{"href":"https:\/\/staging.aavesa.com\/hu\/wp-json\/wp\/v2\/product\/98100","targetHints":{"allow":["GET"]}}],"collection":[{"href":"https:\/\/staging.aavesa.com\/hu\/wp-json\/wp\/v2\/product"}],"about":[{"href":"https:\/\/staging.aavesa.com\/hu\/wp-json\/wp\/v2\/types\/product"}],"replies":[{"embeddable":true,"href":"https:\/\/staging.aavesa.com\/hu\/wp-json\/wp\/v2\/comments?post=98100"}],"wp:featuredmedia":[{"embeddable":true,"href":"https:\/\/staging.aavesa.com\/hu\/wp-json\/wp\/v2\/media\/95796"}],"wp:attachment":[{"href":"https:\/\/staging.aavesa.com\/hu\/wp-json\/wp\/v2\/media?parent=98100"}],"wp:term":[{"taxonomy":"product_brand","embeddable":true,"href":"https:\/\/staging.aavesa.com\/hu\/wp-json\/wp\/v2\/product_brand?post=98100"},{"taxonomy":"product_cat","embeddable":true,"href":"https:\/\/staging.aavesa.com\/hu\/wp-json\/wp\/v2\/product_cat?post=98100"},{"taxonomy":"product_tag","embeddable":true,"href":"https:\/\/staging.aavesa.com\/hu\/wp-json\/wp\/v2\/product_tag?post=98100"}],"curies":[{"name":"wp","href":"https:\/\/api.w.org\/{rel}","templated":true}]}}