{"id":98013,"date":"2025-09-27T13:38:42","date_gmt":"2025-09-27T13:38:42","guid":{"rendered":"https:\/\/staging.aavesa.com\/product\/sarki-roka-szorme-kabat-2103\/"},"modified":"2025-09-27T13:38:42","modified_gmt":"2025-09-27T13:38:42","slug":"sarki-roka-szorme-kabat-2103","status":"publish","type":"product","link":"https:\/\/staging.aavesa.com\/hu\/product\/sarki-roka-szorme-kabat-2103\/","title":{"rendered":"Sarki r\u00f3ka sz\u0151rme kab\u00e1t 2103"},"content":{"rendered":"<p data-start=\"76\" data-end=\"332\">Eleg\u00e1ns, f\u00e9ny\u0171z\u0151 \u00e9s meleg, ez a term\u00e9szetes sarki r\u00f3ka sz\u0151rme kab\u00e1t egy igazi statement darab a t\u00e9li ruhat\u00e1rba. A term\u00e9szetes sz\u0151rme gazdag, s\u0171r\u0171 \u00e9s hihetetlen\u00fcl puha text\u00far\u00e1val rendelkezik, amely egyszerre ny\u00fajt kifinomults\u00e1got \u00e9s kiv\u00e9teles h\u0151komfortot a hideg napokon. <\/p>\n<p data-start=\"334\" data-end=\"533\">A modell nagyvonal\u00fa kapucnival rendelkezik az extra v\u00e9delem \u00e9rdek\u00e9ben, \u00e9s diszkr\u00e9t, hat\u00e9kony kamp\u00f3s \u00e9s szemes r\u00f6gz\u00edt\u00e9ssel. K\u00e9t oldals\u00f3 zseb n\u00f6veli a funkcionalit\u00e1st an\u00e9lk\u00fcl, hogy a design eleganci\u00e1j\u00e1t vesz\u00e9lyeztetn\u00e9. <\/p>\n<p>A term\u00e9k r\u00e9szletei<\/p>\n<ul>\n<li data-start=\"535\" data-end=\"865\">Kiv\u00e1l\u00f3 min\u0151s\u00e9g\u0171 term\u00e9szetes sarki r\u00f3ka sz\u0151rme<\/li>\n<li data-start=\"535\" data-end=\"865\">Volumenes csuklya<\/li>\n<li data-start=\"535\" data-end=\"865\">Hook-and-eye z\u00e1r\u00f3d\u00e1s<\/li>\n<li data-start=\"535\" data-end=\"865\">K\u00e9t zseb<\/li>\n<li data-start=\"535\" data-end=\"865\">R\u00f6vid, n\u0151ies \u00e9s modern szab\u00e1s<\/li>\n<li data-start=\"535\" data-end=\"865\">Sz\u00edn: Ez\u00fcstsz\u00fcrke, term\u00e9szetes t\u00fckr\u00f6z\u0151d\u00e9ssel<\/li>\n<li data-start=\"535\" data-end=\"865\">Ide\u00e1lis a hideg \u00e9vszakban, eleg\u00e1ns vagy alkalmi eleg\u00e1ns ruh\u00e1khoz egyar\u00e1nt.<\/li>\n<li data-start=\"535\" data-end=\"865\">Hossz: 54 cm<\/li>\n<li data-start=\"535\" data-end=\"865\">Modell\u00fcnk 175 cm magas \u00e9s 36-os m\u00e9retet visel.<\/li>\n<\/ul>\n","protected":false},"excerpt":{"rendered":"<p>Eleg\u00e1ns, f\u00e9ny\u0171z\u0151 \u00e9s meleg, ez a term\u00e9szetes sarki r\u00f3ka sz\u0151rme kab\u00e1t egy igazi statement darab a t\u00e9li ruhat\u00e1rba. A term\u00e9szetes sz\u0151rme gazdag, s\u0171r\u0171 \u00e9s hihetetlen\u00fcl puha text\u00far\u00e1val rendelkezik, amely egyszerre ny\u00fajt kifinomults\u00e1got \u00e9s kiv\u00e9teles h\u0151komfortot a hideg napokon. A modell nagyvonal\u00fa kapucnival rendelkezik az extra v\u00e9delem \u00e9rdek\u00e9ben, \u00e9s diszkr\u00e9t, hat\u00e9kony kamp\u00f3s \u00e9s szemes r\u00f6gz\u00edt\u00e9ssel. K\u00e9t [&hellip;]<\/p>\n","protected":false},"featured_media":97473,"comment_status":"closed","ping_status":"closed","template":"","meta":{"_acf_changed":false,"inline_featured_image":false},"product_brand":[],"product_cat":[918,766,741,765],"product_tag":[],"class_list":{"0":"post-98013","1":"product","2":"type-product","3":"status-publish","4":"has-post-thumbnail","6":"product_cat-2025-2026-kollekcio-autentikus-elegancia-szormeben-es-termeszetes-borben","7":"product_cat-bundas-kabatok-es-bundas-dzsekik-noknek","8":"product_cat-nok","9":"product_cat-roka-szorme","11":"first","12":"instock","13":"taxable","14":"shipping-taxable","15":"purchasable","16":"product-type-variable","17":"has-default-attributes","18":"wvs-archive-product-wrapper"},"acf":{"categorie_feed":""},"aioseo_notices":[],"_links":{"self":[{"href":"https:\/\/staging.aavesa.com\/hu\/wp-json\/wp\/v2\/product\/98013","targetHints":{"allow":["GET"]}}],"collection":[{"href":"https:\/\/staging.aavesa.com\/hu\/wp-json\/wp\/v2\/product"}],"about":[{"href":"https:\/\/staging.aavesa.com\/hu\/wp-json\/wp\/v2\/types\/product"}],"replies":[{"embeddable":true,"href":"https:\/\/staging.aavesa.com\/hu\/wp-json\/wp\/v2\/comments?post=98013"}],"wp:featuredmedia":[{"embeddable":true,"href":"https:\/\/staging.aavesa.com\/hu\/wp-json\/wp\/v2\/media\/97473"}],"wp:attachment":[{"href":"https:\/\/staging.aavesa.com\/hu\/wp-json\/wp\/v2\/media?parent=98013"}],"wp:term":[{"taxonomy":"product_brand","embeddable":true,"href":"https:\/\/staging.aavesa.com\/hu\/wp-json\/wp\/v2\/product_brand?post=98013"},{"taxonomy":"product_cat","embeddable":true,"href":"https:\/\/staging.aavesa.com\/hu\/wp-json\/wp\/v2\/product_cat?post=98013"},{"taxonomy":"product_tag","embeddable":true,"href":"https:\/\/staging.aavesa.com\/hu\/wp-json\/wp\/v2\/product_tag?post=98013"}],"curies":[{"name":"wp","href":"https:\/\/api.w.org\/{rel}","templated":true}]}}