{"id":97998,"date":"2025-09-27T14:01:37","date_gmt":"2025-09-27T16:01:37","guid":{"rendered":"https:\/\/staging.aavesa.com\/product\/texturalt-termeszetes-bordzseki-3037\/"},"modified":"2025-09-27T14:01:37","modified_gmt":"2025-09-27T14:01:37","slug":"texturalt-termeszetes-bordzseki-3037","status":"publish","type":"product","link":"https:\/\/staging.aavesa.com\/hu\/product\/texturalt-termeszetes-bordzseki-3037\/","title":{"rendered":"Textur\u00e1lt term\u00e9szetes b\u0151rdzseki 3037"},"content":{"rendered":"<p data-start=\"70\" data-end=\"315\">Modern, praktikus \u00e9s f\u00e9rfias, ez a f\u00e9rfi kab\u00e1t term\u00e9szetes text\u00far\u00e1j\u00fa b\u0151rb\u0151l k\u00e9sz\u00fclt, amely kifinomults\u00e1got \u00e9s eredetis\u00e9get k\u00f6lcs\u00f6n\u00f6z. Sokoldal\u00fa darab, ide\u00e1lis az \u0151szi \u00e9s a tavaszi napokra, k\u00f6nnyen integr\u00e1lhat\u00f3 az okos-casual vagy v\u00e1rosi \u00f6lt\u00f6z\u00e9kbe. <\/p>\n<p data-start=\"317\" data-end=\"509\">A modell cipz\u00e1ras z\u00e1r\u00f3d\u00e1ssal, k\u00e9t cipz\u00e1ras oldalzsebbel, valamint rugalmas szeg\u00e9lyekkel rendelkezik a mandzsett\u00e1n\u00e1l \u00e9s a szeg\u00e9lyn\u00e9l a k\u00e9nyelmes viselet \u00e9rdek\u00e9ben. A klasszikus gall\u00e9r meger\u0151s\u00edti a kab\u00e1t eleg\u00e1ns \u00e9s id\u0151tlen megjelen\u00e9s\u00e9t. <\/p>\n<p>A term\u00e9k r\u00e9szletei<\/p>\n<ul>\n<li data-start=\"511\" data-end=\"802\">Textur\u00e1lt term\u00e9szetes b\u0151r<\/li>\n<li data-start=\"511\" data-end=\"802\">El\u00fcls\u0151 cipz\u00e1ras z\u00e1r\u00f3d\u00e1s<\/li>\n<li data-start=\"511\" data-end=\"802\">2 cipz\u00e1ras oldalzseb<\/li>\n<li data-start=\"511\" data-end=\"802\">Klasszikus gall\u00e9r<\/li>\n<li data-start=\"511\" data-end=\"802\">Elasztikus mandzsetta \u00e9s szeg\u00e9ly a t\u00f6k\u00e9letes illeszked\u00e9s\u00e9rt<\/li>\n<li data-start=\"511\" data-end=\"802\">Sz\u00edn: Cognac<\/li>\n<li data-start=\"511\" data-end=\"802\">Modern, funkcion\u00e1lis design, alkalmas az \u00e1tmeneti \u00e9vszakokhoz<\/li>\n<li data-start=\"511\" data-end=\"802\">Hossz: 67 cm<\/li>\n<li data-start=\"511\" data-end=\"802\">Modell\u00fcnk 189 cm magas \u00e9s 50-es m\u00e9retet visel.<\/li>\n<\/ul>\n","protected":false},"excerpt":{"rendered":"<p>Modern, praktikus \u00e9s f\u00e9rfias, ez a f\u00e9rfi kab\u00e1t term\u00e9szetes text\u00far\u00e1j\u00fa b\u0151rb\u0151l k\u00e9sz\u00fclt, amely kifinomults\u00e1got \u00e9s eredetis\u00e9get k\u00f6lcs\u00f6n\u00f6z. Sokoldal\u00fa darab, ide\u00e1lis az \u0151szi \u00e9s a tavaszi napokra, k\u00f6nnyen integr\u00e1lhat\u00f3 az okos-casual vagy v\u00e1rosi \u00f6lt\u00f6z\u00e9kbe. A modell cipz\u00e1ras z\u00e1r\u00f3d\u00e1ssal, k\u00e9t cipz\u00e1ras oldalzsebbel, valamint rugalmas szeg\u00e9lyekkel rendelkezik a mandzsett\u00e1n\u00e1l \u00e9s a szeg\u00e9lyn\u00e9l a k\u00e9nyelmes viselet \u00e9rdek\u00e9ben. A klasszikus [&hellip;]<\/p>\n","protected":false},"featured_media":97498,"comment_status":"closed","ping_status":"closed","template":"","meta":{"_acf_changed":false,"inline_featured_image":false},"product_brand":[],"product_cat":[918,823,762,725,916],"product_tag":[],"class_list":{"0":"post-97998","1":"product","2":"type-product","3":"status-publish","4":"has-post-thumbnail","6":"product_cat-2025-2026-kollekcio-autentikus-elegancia-szormeben-es-termeszetes-borben","7":"product_cat-bor-ruhak-ferfiaknak","8":"product_cat-borkabatok-ferfiaknak","9":"product_cat-ferfiak","10":"product_cat-valodi-bor-termekek-tavaszra-es-oszre-kabatok-nadragok-kabatok-szoknyak-es-loveszkabatok-kabatok-nadragok-kabatok-szoknyak-es-loveszkabatok","12":"first","13":"instock","14":"taxable","15":"shipping-taxable","16":"purchasable","17":"product-type-variable","18":"has-default-attributes","19":"wvs-archive-product-wrapper"},"acf":{"categorie_feed":""},"aioseo_notices":[],"_links":{"self":[{"href":"https:\/\/staging.aavesa.com\/hu\/wp-json\/wp\/v2\/product\/97998","targetHints":{"allow":["GET"]}}],"collection":[{"href":"https:\/\/staging.aavesa.com\/hu\/wp-json\/wp\/v2\/product"}],"about":[{"href":"https:\/\/staging.aavesa.com\/hu\/wp-json\/wp\/v2\/types\/product"}],"replies":[{"embeddable":true,"href":"https:\/\/staging.aavesa.com\/hu\/wp-json\/wp\/v2\/comments?post=97998"}],"wp:featuredmedia":[{"embeddable":true,"href":"https:\/\/staging.aavesa.com\/hu\/wp-json\/wp\/v2\/media\/97498"}],"wp:attachment":[{"href":"https:\/\/staging.aavesa.com\/hu\/wp-json\/wp\/v2\/media?parent=97998"}],"wp:term":[{"taxonomy":"product_brand","embeddable":true,"href":"https:\/\/staging.aavesa.com\/hu\/wp-json\/wp\/v2\/product_brand?post=97998"},{"taxonomy":"product_cat","embeddable":true,"href":"https:\/\/staging.aavesa.com\/hu\/wp-json\/wp\/v2\/product_cat?post=97998"},{"taxonomy":"product_tag","embeddable":true,"href":"https:\/\/staging.aavesa.com\/hu\/wp-json\/wp\/v2\/product_tag?post=97998"}],"curies":[{"name":"wp","href":"https:\/\/api.w.org\/{rel}","templated":true}]}}