{"id":97966,"date":"2025-09-28T07:51:12","date_gmt":"2025-09-28T07:51:12","guid":{"rendered":"https:\/\/staging.aavesa.com\/product\/gondor-baranybunda-kabat-2112\/"},"modified":"2026-04-10T15:02:15","modified_gmt":"2026-04-10T17:02:15","slug":"gondor-baranybunda-kabat-2112","status":"publish","type":"product","link":"https:\/\/staging.aavesa.com\/hu\/product\/gondor-baranybunda-kabat-2112\/","title":{"rendered":"G\u00f6nd\u00f6r b\u00e1r\u00e1nybunda kab\u00e1t 2112"},"content":{"rendered":"<p data-start=\"68\" data-end=\"328\">Eleg\u00e1ns, eredeti \u00e9s meleg, ez a g\u00f6nd\u00f6r b\u00e1r\u00e1nysz\u0151rme dzseki ide\u00e1lis v\u00e1laszt\u00e1s a hideg \u00e9vszakban a k\u00fcl\u00f6nleges megjelen\u00e9shez. Term\u00e9szetes text\u00far\u00e1ja, enyh\u00e9n k\u00f3cos megjelen\u00e9se egyedi b\u00e1jt k\u00f6lcs\u00f6n\u00f6z, t\u00f6k\u00e9letes azoknak a n\u0151knek, akik egy k\u00fcl\u00f6nleges \u00e9s kifinomult darabot szeretn\u00e9nek. <\/p>\n<p data-start=\"330\" data-end=\"554\">Az egyenes szab\u00e1s, a r\u00f6vid hossz \u00e9s a sz\u00e9les gall\u00e9r sokoldal\u00fav\u00e1 teszi a kab\u00e1tot, amely k\u00f6nnyen p\u00e1ros\u00edthat\u00f3 eleg\u00e1ns \u00e9s alkalmi sikkes ruh\u00e1kkal egyar\u00e1nt. A gombnyom\u00e1sos z\u00e1r\u00f3d\u00e1s \u00e9s a k\u00e9t oldalzseb mindennapi funkcionalit\u00e1st \u00e9s k\u00e9nyelmet biztos\u00edt. <\/p>\n<p data-start=\"556\" data-end=\"793\" data-is-last-node=\"\" data-is-only-node=\"\"><strong data-start=\"556\" data-end=\"575\">Term\u00e9k adatai<\/strong><br data-start=\"575\" data-end=\"578\">Term\u00e9szetes g\u00f6nd\u00f6r b\u00e1r\u00e1nysz\u0151rme<br data-start=\"600\" data-end=\"603\">Nagyvonal\u00fa gall\u00e9r, ide\u00e1lis extra v\u00e9delemhez<br data-start=\"646\" data-end=\"649\">Gombos z\u00e1r\u00f3d\u00e1s<br data-start=\"668\" data-end=\"671\">K\u00e9t oldals\u00f3 zseb<br data-start=\"687\" data-end=\"690\">Egyenes szab\u00e1s, modern st\u00edlus<br data-start=\"716\" data-end=\"719\">Sz\u00edn: Sz\u00fcrke<br data-start=\"730\" data-end=\"733\">Hossz: 54 cm<br data-start=\"746\" data-end=\"749\">Modell\u00fcnk 175 cm magas \u00e9s 36-os m\u00e9retet visel.<\/p>\n","protected":false},"excerpt":{"rendered":"<p>Eleg\u00e1ns, eredeti \u00e9s meleg, ez a g\u00f6nd\u00f6r b\u00e1r\u00e1nysz\u0151rme dzseki ide\u00e1lis v\u00e1laszt\u00e1s a hideg \u00e9vszakban a k\u00fcl\u00f6nleges megjelen\u00e9shez. Term\u00e9szetes text\u00far\u00e1ja, enyh\u00e9n k\u00f3cos megjelen\u00e9se egyedi b\u00e1jt k\u00f6lcs\u00f6n\u00f6z, t\u00f6k\u00e9letes azoknak a n\u0151knek, akik egy k\u00fcl\u00f6nleges \u00e9s kifinomult darabot szeretn\u00e9nek. Az egyenes szab\u00e1s, a r\u00f6vid hossz \u00e9s a sz\u00e9les gall\u00e9r sokoldal\u00fav\u00e1 teszi a kab\u00e1tot, amely k\u00f6nnyen p\u00e1ros\u00edthat\u00f3 eleg\u00e1ns \u00e9s [&hellip;]<\/p>\n","protected":false},"featured_media":97645,"comment_status":"closed","ping_status":"closed","template":"","meta":{"_acf_changed":false,"inline_featured_image":false},"product_brand":[],"product_cat":[918,784,952,773,741],"product_tag":[],"class_list":{"0":"post-97966","1":"product","2":"type-product","3":"status-publish","4":"has-post-thumbnail","6":"product_cat-2025-2026-kollekcio-autentikus-elegancia-szormeben-es-termeszetes-borben","7":"product_cat-baranybor","8":"product_cat-ferfi-es-noi-pehelypaplan-dzsekik-a-luxus-es-a-melegseg-vegso-kevereke","9":"product_cat-noi-shearling-dzsekik","10":"product_cat-nok","12":"first","13":"instock","14":"taxable","15":"shipping-taxable","16":"purchasable","17":"product-type-variable","18":"has-default-attributes","19":"wvs-archive-product-wrapper"},"acf":{"categorie_feed":""},"aioseo_notices":[],"_links":{"self":[{"href":"https:\/\/staging.aavesa.com\/hu\/wp-json\/wp\/v2\/product\/97966","targetHints":{"allow":["GET"]}}],"collection":[{"href":"https:\/\/staging.aavesa.com\/hu\/wp-json\/wp\/v2\/product"}],"about":[{"href":"https:\/\/staging.aavesa.com\/hu\/wp-json\/wp\/v2\/types\/product"}],"replies":[{"embeddable":true,"href":"https:\/\/staging.aavesa.com\/hu\/wp-json\/wp\/v2\/comments?post=97966"}],"wp:featuredmedia":[{"embeddable":true,"href":"https:\/\/staging.aavesa.com\/hu\/wp-json\/wp\/v2\/media\/97645"}],"wp:attachment":[{"href":"https:\/\/staging.aavesa.com\/hu\/wp-json\/wp\/v2\/media?parent=97966"}],"wp:term":[{"taxonomy":"product_brand","embeddable":true,"href":"https:\/\/staging.aavesa.com\/hu\/wp-json\/wp\/v2\/product_brand?post=97966"},{"taxonomy":"product_cat","embeddable":true,"href":"https:\/\/staging.aavesa.com\/hu\/wp-json\/wp\/v2\/product_cat?post=97966"},{"taxonomy":"product_tag","embeddable":true,"href":"https:\/\/staging.aavesa.com\/hu\/wp-json\/wp\/v2\/product_tag?post=97966"}],"curies":[{"name":"wp","href":"https:\/\/api.w.org\/{rel}","templated":true}]}}