{"id":92824,"date":"2024-07-26T16:28:08","date_gmt":"2024-07-26T16:28:08","guid":{"rendered":"https:\/\/new.aavesa.com\/produs\/shearling-kabat-2019\/"},"modified":"2026-04-10T15:04:18","modified_gmt":"2026-04-10T17:04:18","slug":"shearling-kabat-2019","status":"publish","type":"product","link":"https:\/\/staging.aavesa.com\/hu\/product\/shearling-kabat-2019\/","title":{"rendered":"Shearling kab\u00e1t 2019"},"content":{"rendered":"<p>Egy term\u00e9szetes shearling dzseki minden, amit csak akarhatsz, hogy teljes m\u00e9rt\u00e9kben \u00e9lvezhesd az el\u0151tted \u00e1ll\u00f3 hidegebb napokat. Ez a b\u00e1r\u00e1nyb\u0151r dzseki eleg\u00e1ns megjelen\u00e9s\u0171, de ugyanakkor alkalmi is, alkalmas a st\u00edlusos megjelen\u00e9sre, t\u00f6k\u00e9letes a mindennapi kir\u00e1ndul\u00e1sokhoz, az irod\u00e1ban vagy a v\u00e1rosban, vagy k\u00fcl\u00f6nlegesebb alkalmakra. A term\u00e9szetes b\u00e1r\u00e1nyb\u0151r kellemes viselet \u00e9s k\u00fcl\u00f6n\u00f6sen nagyon meleg, \u00edgy a legalacsonyabb h\u0151m\u00e9rs\u00e9kleteknek is nyugodtan fog megfelelni. A kab\u00e1t k\u00fcls\u0151 oldal\u00e1n k\u00e9t t\u00e1gas zsebbel \u00e9s kapucnival rendelkezik, amely megv\u00e9di a fej \u00e9rz\u00e9keny ter\u00fclet\u00e9t a hideg sz\u00e9lt\u0151l.   <\/p>\n","protected":false},"excerpt":{"rendered":"<p>Egy term\u00e9szetes shearling dzseki minden, amit csak akarhatsz, hogy teljes m\u00e9rt\u00e9kben \u00e9lvezhesd az el\u0151tted \u00e1ll\u00f3 hidegebb napokat. Ez a b\u00e1r\u00e1nyb\u0151r dzseki eleg\u00e1ns megjelen\u00e9s\u0171, de ugyanakkor alkalmi is, alkalmas a st\u00edlusos megjelen\u00e9sre, t\u00f6k\u00e9letes a mindennapi kir\u00e1ndul\u00e1sokhoz, az irod\u00e1ban vagy a v\u00e1rosban, vagy k\u00fcl\u00f6nlegesebb alkalmakra. A term\u00e9szetes b\u00e1r\u00e1nyb\u0151r kellemes viselet \u00e9s k\u00fcl\u00f6n\u00f6sen nagyon meleg, \u00edgy a legalacsonyabb [&hellip;]<\/p>\n","protected":false},"featured_media":92825,"comment_status":"closed","ping_status":"closed","template":"","meta":{"_acf_changed":false,"inline_featured_image":false},"product_brand":[],"product_cat":[851,952,773,741],"product_tag":[],"class_list":{"0":"post-92824","1":"product","2":"type-product","3":"status-publish","4":"has-post-thumbnail","6":"product_cat-2020-2021-kollekcio","7":"product_cat-ferfi-es-noi-pehelypaplan-dzsekik-a-luxus-es-a-melegseg-vegso-kevereke","8":"product_cat-noi-shearling-dzsekik","9":"product_cat-nok","11":"first","12":"instock","13":"taxable","14":"shipping-taxable","15":"purchasable","16":"product-type-variable","17":"has-default-attributes","18":"wvs-archive-product-wrapper"},"acf":{"categorie_feed":""},"aioseo_notices":[],"_links":{"self":[{"href":"https:\/\/staging.aavesa.com\/hu\/wp-json\/wp\/v2\/product\/92824","targetHints":{"allow":["GET"]}}],"collection":[{"href":"https:\/\/staging.aavesa.com\/hu\/wp-json\/wp\/v2\/product"}],"about":[{"href":"https:\/\/staging.aavesa.com\/hu\/wp-json\/wp\/v2\/types\/product"}],"replies":[{"embeddable":true,"href":"https:\/\/staging.aavesa.com\/hu\/wp-json\/wp\/v2\/comments?post=92824"}],"wp:featuredmedia":[{"embeddable":true,"href":"https:\/\/staging.aavesa.com\/hu\/wp-json\/wp\/v2\/media\/92825"}],"wp:attachment":[{"href":"https:\/\/staging.aavesa.com\/hu\/wp-json\/wp\/v2\/media?parent=92824"}],"wp:term":[{"taxonomy":"product_brand","embeddable":true,"href":"https:\/\/staging.aavesa.com\/hu\/wp-json\/wp\/v2\/product_brand?post=92824"},{"taxonomy":"product_cat","embeddable":true,"href":"https:\/\/staging.aavesa.com\/hu\/wp-json\/wp\/v2\/product_cat?post=92824"},{"taxonomy":"product_tag","embeddable":true,"href":"https:\/\/staging.aavesa.com\/hu\/wp-json\/wp\/v2\/product_tag?post=92824"}],"curies":[{"name":"wp","href":"https:\/\/api.w.org\/{rel}","templated":true}]}}