{"id":92657,"date":"2024-07-26T16:27:43","date_gmt":"2024-07-26T16:27:43","guid":{"rendered":"https:\/\/new.aavesa.com\/produs\/nerc-es-jegesroka-premes-kaplet-618\/"},"modified":"2025-11-17T06:28:48","modified_gmt":"2025-11-17T06:28:48","slug":"nerc-es-jegesroka-premes-kaplet-618","status":"publish","type":"product","link":"https:\/\/staging.aavesa.com\/hu\/product\/nerc-es-jegesroka-premes-kaplet-618\/","title":{"rendered":"Nerc \u00e9s jegesr\u00f3ka pr\u00e9mes kaplet 618"},"content":{"rendered":"<p>A term\u00e9szetes sz\u0151rm\u00e9b\u0151l k\u00e9sz\u00fclt caplet olyan darab, amely kifinomults\u00e1got \u00e9s n\u0151iess\u00e9get sugall. Ez a <a href=\"https:\/\/staging.aavesa.com\/hu\/nok\/bundas-salak-es-bundas-kopenyek\/\">nerc- \u00e9s sarki r\u00f3ka sz\u0151rme caplet<\/a> kiz\u00e1r\u00f3lag term\u00e9szetes anyagok kombin\u00e1ci\u00f3j\u00e1b\u00f3l k\u00e9sz\u00fclt, mindkett\u0151 \u00e9rt\u00e9kes, \u00e9s megjelen\u00e9s\u00e9ben biztosan minden szemet mag\u00e1ra vonz: term\u00e9szetes nerc sz\u0151rme \u00e9s term\u00e9szetes sarki r\u00f3ka sz\u0151rme. Eleg\u00e1ns \u00f6lt\u00f6z\u00e9kekhez, p\u00e9ld\u00e1ul est\u00e9lyi vagy kokt\u00e9lruh\u00e1khoz, irodai \u00f6lt\u00f6z\u00e9kekhez vagy a mindennapi kir\u00e1ndul\u00e1sok eleg\u00e1ns \u00f6lt\u00f6z\u00e9keihez illik, ez a n\u0151i sz\u0151rmekab\u00e1t biztosan l\u00e1tv\u00e1nyoss\u00e1 var\u00e1zsolja b\u00e1rmely megjelen\u00e9st. A caplet fekete \u00e1rnyalatban kaphat\u00f3, a legsokoldal\u00fabban kombin\u00e1lhat\u00f3 m\u00e1s sz\u00ednekkel \u00e9s k\u00fcl\u00f6nb\u00f6z\u0151 m\u00f3don viselhet\u0151.   <\/p>\n","protected":false},"excerpt":{"rendered":"<p>A term\u00e9szetes sz\u0151rm\u00e9b\u0151l k\u00e9sz\u00fclt caplet olyan darab, amely kifinomults\u00e1got \u00e9s n\u0151iess\u00e9get sugall. Ez a nerc- \u00e9s sarki r\u00f3ka sz\u0151rme caplet kiz\u00e1r\u00f3lag term\u00e9szetes anyagok kombin\u00e1ci\u00f3j\u00e1b\u00f3l k\u00e9sz\u00fclt, mindkett\u0151 \u00e9rt\u00e9kes, \u00e9s megjelen\u00e9s\u00e9ben biztosan minden szemet mag\u00e1ra vonz: term\u00e9szetes nerc sz\u0151rme \u00e9s term\u00e9szetes sarki r\u00f3ka sz\u0151rme. Eleg\u00e1ns \u00f6lt\u00f6z\u00e9kekhez, p\u00e9ld\u00e1ul est\u00e9lyi vagy kokt\u00e9lruh\u00e1khoz, irodai \u00f6lt\u00f6z\u00e9kekhez vagy a mindennapi kir\u00e1ndul\u00e1sok eleg\u00e1ns [&hellip;]<\/p>\n","protected":false},"featured_media":92658,"comment_status":"closed","ping_status":"closed","template":"","meta":{"_acf_changed":false,"inline_featured_image":false},"product_brand":[],"product_cat":[851,792,769,741,765],"product_tag":[],"class_list":{"0":"post-92657","1":"product","2":"type-product","3":"status-publish","4":"has-post-thumbnail","6":"product_cat-2020-2021-kollekcio","7":"product_cat-bundas-salak-es-bundas-kopenyek","8":"product_cat-nerc-szorme","9":"product_cat-nok","10":"product_cat-roka-szorme","12":"first","13":"instock","14":"taxable","15":"shipping-taxable","16":"purchasable","17":"product-type-variable","18":"has-default-attributes","19":"wvs-archive-product-wrapper"},"acf":{"categorie_feed":""},"aioseo_notices":[],"_links":{"self":[{"href":"https:\/\/staging.aavesa.com\/hu\/wp-json\/wp\/v2\/product\/92657","targetHints":{"allow":["GET"]}}],"collection":[{"href":"https:\/\/staging.aavesa.com\/hu\/wp-json\/wp\/v2\/product"}],"about":[{"href":"https:\/\/staging.aavesa.com\/hu\/wp-json\/wp\/v2\/types\/product"}],"replies":[{"embeddable":true,"href":"https:\/\/staging.aavesa.com\/hu\/wp-json\/wp\/v2\/comments?post=92657"}],"wp:featuredmedia":[{"embeddable":true,"href":"https:\/\/staging.aavesa.com\/hu\/wp-json\/wp\/v2\/media\/92658"}],"wp:attachment":[{"href":"https:\/\/staging.aavesa.com\/hu\/wp-json\/wp\/v2\/media?parent=92657"}],"wp:term":[{"taxonomy":"product_brand","embeddable":true,"href":"https:\/\/staging.aavesa.com\/hu\/wp-json\/wp\/v2\/product_brand?post=92657"},{"taxonomy":"product_cat","embeddable":true,"href":"https:\/\/staging.aavesa.com\/hu\/wp-json\/wp\/v2\/product_cat?post=92657"},{"taxonomy":"product_tag","embeddable":true,"href":"https:\/\/staging.aavesa.com\/hu\/wp-json\/wp\/v2\/product_tag?post=92657"}],"curies":[{"name":"wp","href":"https:\/\/api.w.org\/{rel}","templated":true}]}}