{"id":92449,"date":"2024-07-26T16:26:55","date_gmt":"2024-07-26T16:26:55","guid":{"rendered":"https:\/\/new.aavesa.com\/produs\/univerzalis-talp-merino-baranyborrel-905\/"},"modified":"2025-11-17T06:28:57","modified_gmt":"2025-11-17T06:28:57","slug":"univerzalis-talp-merino-baranyborrel-905","status":"publish","type":"product","link":"https:\/\/staging.aavesa.com\/hu\/product\/univerzalis-talp-merino-baranyborrel-905\/","title":{"rendered":"Univerz\u00e1lis talp merin\u00f3 b\u00e1r\u00e1nyb\u0151rrel 905"},"content":{"rendered":"<p>Ezek az <a href=\"https:\/\/staging.aavesa.com\/hu\/ferfiak\/juhbor-papucsok-ferfiaknak\/\">univerz\u00e1lis talpak merin\u00f3i b\u00e1r\u00e1nyb\u0151rrel<\/a> merin\u00f3i b\u00e1r\u00e1nyb\u0151rrel k\u00fcl\u00f6n\u00f6sen k\u00e9nyelmesek \u00e9s melegek. A parafa k\u00f6nny\u0171v\u00e9 \u00e9s k\u00e9nyelmess\u00e9 teszi \u0151ket, t\u00f6k\u00e9letesen alkalmasak a cip\u0151 melegs\u00e9g\u00e9nek n\u00f6vel\u00e9s\u00e9re vagy a l\u00e1b cip\u0151ben elfoglalt helyzet\u00e9nek korrig\u00e1l\u00e1s\u00e1ra. A merin\u00f3 b\u00e1r\u00e1nybunda puha \u00e9s ig\u00e9nytelen, az id\u0151 m\u00fal\u00e1s\u00e1val ellen\u00e1ll\u00f3. Ezek a parafa \u00e9s term\u00e9szetes sz\u0151rme talpak k\u00e9nyelmesek, \u00e9s b\u00e1rmilyen t\u00edpus\u00fa cip\u0151h\u00f6z illenek, az alkalmi cip\u0151kt\u0151l az eleg\u00e1ns cip\u0151kig. V\u00e1lassza a l\u00e1bak k\u00e9nyelm\u00e9nek \u00e9s melegs\u00e9g\u00e9nek meg\u0151rz\u00e9s\u00e9t, \u00e9s biztosan j\u00f3l fogja \u00e9rezni mag\u00e1t, f\u00fcggetlen\u00fcl az elfogadott ruh\u00e1t\u00f3l.    <\/p>\n","protected":false},"excerpt":{"rendered":"<p>Ezek az univerz\u00e1lis talpak merin\u00f3i b\u00e1r\u00e1nyb\u0151rrel merin\u00f3i b\u00e1r\u00e1nyb\u0151rrel k\u00fcl\u00f6n\u00f6sen k\u00e9nyelmesek \u00e9s melegek. A parafa k\u00f6nny\u0171v\u00e9 \u00e9s k\u00e9nyelmess\u00e9 teszi \u0151ket, t\u00f6k\u00e9letesen alkalmasak a cip\u0151 melegs\u00e9g\u00e9nek n\u00f6vel\u00e9s\u00e9re vagy a l\u00e1b cip\u0151ben elfoglalt helyzet\u00e9nek korrig\u00e1l\u00e1s\u00e1ra. A merin\u00f3 b\u00e1r\u00e1nybunda puha \u00e9s ig\u00e9nytelen, az id\u0151 m\u00fal\u00e1s\u00e1val ellen\u00e1ll\u00f3. Ezek a parafa \u00e9s term\u00e9szetes sz\u0151rme talpak k\u00e9nyelmesek, \u00e9s b\u00e1rmilyen t\u00edpus\u00fa cip\u0151h\u00f6z illenek, [&hellip;]<\/p>\n","protected":false},"featured_media":92450,"comment_status":"closed","ping_status":"closed","template":"","meta":{"_acf_changed":false,"inline_featured_image":false},"product_brand":[],"product_cat":[851,801,725,816,795,807],"product_tag":[],"class_list":{"0":"post-92449","1":"product","2":"type-product","3":"status-publish","4":"has-post-thumbnail","6":"product_cat-2020-2021-kollekcio","7":"product_cat-baranybor-papucs","8":"product_cat-ferfiak","9":"product_cat-juhbor-papucsok-ferfiaknak","10":"product_cat-kiegeszitok","11":"product_cat-szorme-kiegeszitok","13":"first","14":"instock","15":"taxable","16":"shipping-taxable","17":"purchasable","18":"product-type-variable","19":"has-default-attributes","20":"wvs-archive-product-wrapper"},"acf":{"categorie_feed":""},"aioseo_notices":[],"_links":{"self":[{"href":"https:\/\/staging.aavesa.com\/hu\/wp-json\/wp\/v2\/product\/92449","targetHints":{"allow":["GET"]}}],"collection":[{"href":"https:\/\/staging.aavesa.com\/hu\/wp-json\/wp\/v2\/product"}],"about":[{"href":"https:\/\/staging.aavesa.com\/hu\/wp-json\/wp\/v2\/types\/product"}],"replies":[{"embeddable":true,"href":"https:\/\/staging.aavesa.com\/hu\/wp-json\/wp\/v2\/comments?post=92449"}],"wp:featuredmedia":[{"embeddable":true,"href":"https:\/\/staging.aavesa.com\/hu\/wp-json\/wp\/v2\/media\/92450"}],"wp:attachment":[{"href":"https:\/\/staging.aavesa.com\/hu\/wp-json\/wp\/v2\/media?parent=92449"}],"wp:term":[{"taxonomy":"product_brand","embeddable":true,"href":"https:\/\/staging.aavesa.com\/hu\/wp-json\/wp\/v2\/product_brand?post=92449"},{"taxonomy":"product_cat","embeddable":true,"href":"https:\/\/staging.aavesa.com\/hu\/wp-json\/wp\/v2\/product_cat?post=92449"},{"taxonomy":"product_tag","embeddable":true,"href":"https:\/\/staging.aavesa.com\/hu\/wp-json\/wp\/v2\/product_tag?post=92449"}],"curies":[{"name":"wp","href":"https:\/\/api.w.org\/{rel}","templated":true}]}}