{"id":91994,"date":"2024-07-26T16:25:23","date_gmt":"2024-07-26T16:25:23","guid":{"rendered":"https:\/\/new.aavesa.com\/produs\/blackglama-nercbunda-hiuzpremes-gallerral-hm017\/"},"modified":"2025-11-17T06:29:20","modified_gmt":"2025-11-17T06:29:20","slug":"blackglama-nercbunda-hiuzpremes-gallerral-hm017","status":"publish","type":"product","link":"https:\/\/staging.aavesa.com\/hu\/product\/blackglama-nercbunda-hiuzpremes-gallerral-hm017\/","title":{"rendered":"Blackglama nercbunda hi\u00fazpr\u00e9mes gall\u00e9rral HM017"},"content":{"rendered":"<p>Ez a fekete gl\u00e1ma <a href=\"https:\/\/staging.aavesa.com\/hu\/nok\/vidra-bundak-vidra-zsekik\/\">nercbunda kab\u00e1t<\/a> hi\u00fazsz\u0151rme gall\u00e9rral egy exkluz\u00edv ruhadarab, amely minden bizonnyal befektet\u00e9s lesz minden n\u0151 ruhat\u00e1r\u00e1ba. A blackglama sz\u0151rmebunda a nercbunda darabok kiv\u00e1laszt\u00e1s\u00e1nak eredm\u00e9nye, amelyeknek kifog\u00e1stalan min\u0151s\u00e9g\u0171nek kell lenni\u00fck ahhoz, hogy elnyerj\u00e9k ezt a k\u00fcl\u00f6nleges kateg\u00f3ri\u00e1t.  Ez a bunda nagyon eleg\u00e1ns \u00e9s n\u0151ies, t\u00e1gas gall\u00e9rja term\u00e9szetes hi\u00fazpr\u00e9mb\u0151l k\u00e9sz\u00fclt, vil\u00e1gos sz\u00edn\u0171, amely \u00e9rz\u00e9ki \u00e9s el\u0151kel\u0151 megjelen\u00e9st k\u00f6lcs\u00f6n\u00f6z. A ruhadarab z\u00e1r\u00e1sa klipszekkel \u00e9s a der\u00e9kn\u00e1l l\u00e9v\u0151 zsin\u00f3r seg\u00edts\u00e9g\u00e9vel t\u00f6rt\u00e9nik, ami kiemeli visel\u0151je sziluettj\u00e9t. A kab\u00e1t hossza 93 cm. <\/p>\n","protected":false},"excerpt":{"rendered":"<p>Ez a fekete gl\u00e1ma nercbunda kab\u00e1t hi\u00fazsz\u0151rme gall\u00e9rral egy exkluz\u00edv ruhadarab, amely minden bizonnyal befektet\u00e9s lesz minden n\u0151 ruhat\u00e1r\u00e1ba. A blackglama sz\u0151rmebunda a nercbunda darabok kiv\u00e1laszt\u00e1s\u00e1nak eredm\u00e9nye, amelyeknek kifog\u00e1stalan min\u0151s\u00e9g\u0171nek kell lenni\u00fck ahhoz, hogy elnyerj\u00e9k ezt a k\u00fcl\u00f6nleges kateg\u00f3ri\u00e1t. Ez a bunda nagyon eleg\u00e1ns \u00e9s n\u0151ies, t\u00e1gas gall\u00e9rja term\u00e9szetes hi\u00fazpr\u00e9mb\u0151l k\u00e9sz\u00fclt, vil\u00e1gos sz\u00edn\u0171, amely \u00e9rz\u00e9ki [&hellip;]<\/p>\n","protected":false},"featured_media":91995,"comment_status":"open","ping_status":"closed","template":"","meta":{"_acf_changed":false,"inline_featured_image":false},"product_brand":[],"product_cat":[846,766,769,741,770],"product_tag":[],"class_list":{"0":"post-91994","1":"product","2":"type-product","3":"status-publish","4":"has-post-thumbnail","6":"product_cat-2019-2020-kollekcio","7":"product_cat-bundas-kabatok-es-bundas-dzsekik-noknek","8":"product_cat-nerc-szorme","9":"product_cat-nok","10":"product_cat-vidra-bundak-vidra-zsekik","12":"first","13":"instock","14":"taxable","15":"shipping-taxable","16":"purchasable","17":"product-type-variable","18":"has-default-attributes","19":"wvs-archive-product-wrapper"},"acf":{"categorie_feed":""},"aioseo_notices":[],"_links":{"self":[{"href":"https:\/\/staging.aavesa.com\/hu\/wp-json\/wp\/v2\/product\/91994","targetHints":{"allow":["GET"]}}],"collection":[{"href":"https:\/\/staging.aavesa.com\/hu\/wp-json\/wp\/v2\/product"}],"about":[{"href":"https:\/\/staging.aavesa.com\/hu\/wp-json\/wp\/v2\/types\/product"}],"replies":[{"embeddable":true,"href":"https:\/\/staging.aavesa.com\/hu\/wp-json\/wp\/v2\/comments?post=91994"}],"wp:featuredmedia":[{"embeddable":true,"href":"https:\/\/staging.aavesa.com\/hu\/wp-json\/wp\/v2\/media\/91995"}],"wp:attachment":[{"href":"https:\/\/staging.aavesa.com\/hu\/wp-json\/wp\/v2\/media?parent=91994"}],"wp:term":[{"taxonomy":"product_brand","embeddable":true,"href":"https:\/\/staging.aavesa.com\/hu\/wp-json\/wp\/v2\/product_brand?post=91994"},{"taxonomy":"product_cat","embeddable":true,"href":"https:\/\/staging.aavesa.com\/hu\/wp-json\/wp\/v2\/product_cat?post=91994"},{"taxonomy":"product_tag","embeddable":true,"href":"https:\/\/staging.aavesa.com\/hu\/wp-json\/wp\/v2\/product_tag?post=91994"}],"curies":[{"name":"wp","href":"https:\/\/api.w.org\/{rel}","templated":true}]}}