{"id":91950,"date":"2024-07-26T16:25:23","date_gmt":"2024-07-26T16:25:23","guid":{"rendered":"https:\/\/new.aavesa.com\/produs\/mink-bunda-hm021\/"},"modified":"2025-11-17T06:29:20","modified_gmt":"2025-11-17T06:29:20","slug":"mink-bunda-hm021","status":"publish","type":"product","link":"https:\/\/staging.aavesa.com\/hu\/product\/mink-bunda-hm021\/","title":{"rendered":"Mink bunda HM021"},"content":{"rendered":"<p>Ez az elef\u00e1ntcsont sz\u00edn\u0171 nercbunda egy nagyon n\u0151ies, el\u0151kel\u0151 megjelen\u00e9s\u0171 ruhadarab. A klasszikus, egyenes modell kiemeli visel\u0151j\u00e9nek testtart\u00e1s\u00e1t, m\u00edg az elef\u00e1ntcsont \u00e1rnyalata extra b\u00e1jt \u00e9s \u0151szintes\u00e9get k\u00f6lcs\u00f6n\u00f6z a ruhadarabnak. A t\u00e9lhez ill\u0151 vil\u00e1gos \u00e1rnyalatokat nagyra \u00e9rt\u00e9kelik, mert kifinomult k\u00fcls\u0151t k\u00f6lcs\u00f6n\u00f6znek visel\u0151j\u00e9nek. Ez a nercbunda meleg, k\u00e9nyelmes \u00e9s modern, minden koroszt\u00e1ly sz\u00e1m\u00e1ra alkalmas, \u00e9s kialak\u00edt\u00e1s\u00e1nak k\u00f6sz\u00f6nhet\u0151en ellen\u00e1ll a folyamatosan v\u00e1ltoz\u00f3 trendeknek. A kab\u00e1t kapucnival van ell\u00e1tva, ami m\u00e9g kellemesebb\u00e9 \u00e9s k\u00f6nnyebb\u00e9 teszi visel\u00e9s\u00e9t. A ruhadarab hossza 92 cm.   <\/p>\n","protected":false},"excerpt":{"rendered":"<p>Ez az elef\u00e1ntcsont sz\u00edn\u0171 nercbunda egy nagyon n\u0151ies, el\u0151kel\u0151 megjelen\u00e9s\u0171 ruhadarab. A klasszikus, egyenes modell kiemeli visel\u0151j\u00e9nek testtart\u00e1s\u00e1t, m\u00edg az elef\u00e1ntcsont \u00e1rnyalata extra b\u00e1jt \u00e9s \u0151szintes\u00e9get k\u00f6lcs\u00f6n\u00f6z a ruhadarabnak. A t\u00e9lhez ill\u0151 vil\u00e1gos \u00e1rnyalatokat nagyra \u00e9rt\u00e9kelik, mert kifinomult k\u00fcls\u0151t k\u00f6lcs\u00f6n\u00f6znek visel\u0151j\u00e9nek. Ez a nercbunda meleg, k\u00e9nyelmes \u00e9s modern, minden koroszt\u00e1ly sz\u00e1m\u00e1ra alkalmas, \u00e9s kialak\u00edt\u00e1s\u00e1nak k\u00f6sz\u00f6nhet\u0151en [&hellip;]<\/p>\n","protected":false},"featured_media":91951,"comment_status":"open","ping_status":"closed","template":"","meta":{"_acf_changed":false,"inline_featured_image":false},"product_brand":[],"product_cat":[846,766,769,741,770],"product_tag":[],"class_list":{"0":"post-91950","1":"product","2":"type-product","3":"status-publish","4":"has-post-thumbnail","6":"product_cat-2019-2020-kollekcio","7":"product_cat-bundas-kabatok-es-bundas-dzsekik-noknek","8":"product_cat-nerc-szorme","9":"product_cat-nok","10":"product_cat-vidra-bundak-vidra-zsekik","12":"first","13":"instock","14":"taxable","15":"shipping-taxable","16":"purchasable","17":"product-type-variable","18":"has-default-attributes","19":"wvs-archive-product-wrapper"},"acf":{"categorie_feed":""},"aioseo_notices":[],"_links":{"self":[{"href":"https:\/\/staging.aavesa.com\/hu\/wp-json\/wp\/v2\/product\/91950","targetHints":{"allow":["GET"]}}],"collection":[{"href":"https:\/\/staging.aavesa.com\/hu\/wp-json\/wp\/v2\/product"}],"about":[{"href":"https:\/\/staging.aavesa.com\/hu\/wp-json\/wp\/v2\/types\/product"}],"replies":[{"embeddable":true,"href":"https:\/\/staging.aavesa.com\/hu\/wp-json\/wp\/v2\/comments?post=91950"}],"wp:featuredmedia":[{"embeddable":true,"href":"https:\/\/staging.aavesa.com\/hu\/wp-json\/wp\/v2\/media\/91951"}],"wp:attachment":[{"href":"https:\/\/staging.aavesa.com\/hu\/wp-json\/wp\/v2\/media?parent=91950"}],"wp:term":[{"taxonomy":"product_brand","embeddable":true,"href":"https:\/\/staging.aavesa.com\/hu\/wp-json\/wp\/v2\/product_brand?post=91950"},{"taxonomy":"product_cat","embeddable":true,"href":"https:\/\/staging.aavesa.com\/hu\/wp-json\/wp\/v2\/product_cat?post=91950"},{"taxonomy":"product_tag","embeddable":true,"href":"https:\/\/staging.aavesa.com\/hu\/wp-json\/wp\/v2\/product_tag?post=91950"}],"curies":[{"name":"wp","href":"https:\/\/api.w.org\/{rel}","templated":true}]}}