{"id":91896,"date":"2024-07-26T16:25:23","date_gmt":"2024-07-26T16:25:23","guid":{"rendered":"https:\/\/new.aavesa.com\/produs\/mink-bunda-hm020\/"},"modified":"2025-11-17T06:29:21","modified_gmt":"2025-11-17T06:29:21","slug":"mink-bunda-hm020","status":"publish","type":"product","link":"https:\/\/staging.aavesa.com\/hu\/product\/mink-bunda-hm020\/","title":{"rendered":"Mink bunda HM020"},"content":{"rendered":"<p>Ez a <a href=\"https:\/\/staging.aavesa.com\/hu\/nok\/vidra-bundak-vidra-zsekik\/\">nercbunda<\/a> egy \u00e9rt\u00e9kes, kifinomult \u00e9s n\u0151ies ruhadarab, amely biztosan tiszteletbeli helyet kap a szekr\u00e9ny\u00e9ben. A nercbunda egy term\u00e9szetes anyag, praktikus tulajdons\u00e1gai miatt, hogy megtartja a h\u0151t, de eszt\u00e9tikai \u00e9rt\u00e9ke miatt is, a sz\u0151rme \u00e1rnyalatai olyan t\u00fckr\u00f6z\u0151d\u00e9sek j\u00e1t\u00e9k\u00e1t alkotj\u00e1k, amelyek ellopj\u00e1k a szemet. Ez a nercbunda term\u00e9szetes barna \u00e1rnyalat\u00fa, \u00edgy t\u00f6k\u00e9letesen kieg\u00e9sz\u00edti a m\u00e1s sz\u00edn\u0171 ruh\u00e1kat. A bunda term\u00e9szetes b\u0151rzsin\u00f3rral van ell\u00e1tva, amely a der\u00e9k k\u00f6r\u00fcl \u00f6sszeh\u00fazhat\u00f3. A kab\u00e1t hossza 93 cm.    <\/p>\n","protected":false},"excerpt":{"rendered":"<p>Ez a nercbunda egy \u00e9rt\u00e9kes, kifinomult \u00e9s n\u0151ies ruhadarab, amely biztosan tiszteletbeli helyet kap a szekr\u00e9ny\u00e9ben. A nercbunda egy term\u00e9szetes anyag, praktikus tulajdons\u00e1gai miatt, hogy megtartja a h\u0151t, de eszt\u00e9tikai \u00e9rt\u00e9ke miatt is, a sz\u0151rme \u00e1rnyalatai olyan t\u00fckr\u00f6z\u0151d\u00e9sek j\u00e1t\u00e9k\u00e1t alkotj\u00e1k, amelyek ellopj\u00e1k a szemet. Ez a nercbunda term\u00e9szetes barna \u00e1rnyalat\u00fa, \u00edgy t\u00f6k\u00e9letesen kieg\u00e9sz\u00edti a m\u00e1s [&hellip;]<\/p>\n","protected":false},"featured_media":91897,"comment_status":"open","ping_status":"closed","template":"","meta":{"_acf_changed":false,"inline_featured_image":false},"product_brand":[],"product_cat":[846,766,769,741,770],"product_tag":[],"class_list":{"0":"post-91896","1":"product","2":"type-product","3":"status-publish","4":"has-post-thumbnail","6":"product_cat-2019-2020-kollekcio","7":"product_cat-bundas-kabatok-es-bundas-dzsekik-noknek","8":"product_cat-nerc-szorme","9":"product_cat-nok","10":"product_cat-vidra-bundak-vidra-zsekik","12":"first","13":"instock","14":"taxable","15":"shipping-taxable","16":"purchasable","17":"product-type-variable","18":"has-default-attributes","19":"wvs-archive-product-wrapper"},"acf":{"categorie_feed":""},"aioseo_notices":[],"_links":{"self":[{"href":"https:\/\/staging.aavesa.com\/hu\/wp-json\/wp\/v2\/product\/91896","targetHints":{"allow":["GET"]}}],"collection":[{"href":"https:\/\/staging.aavesa.com\/hu\/wp-json\/wp\/v2\/product"}],"about":[{"href":"https:\/\/staging.aavesa.com\/hu\/wp-json\/wp\/v2\/types\/product"}],"replies":[{"embeddable":true,"href":"https:\/\/staging.aavesa.com\/hu\/wp-json\/wp\/v2\/comments?post=91896"}],"wp:featuredmedia":[{"embeddable":true,"href":"https:\/\/staging.aavesa.com\/hu\/wp-json\/wp\/v2\/media\/91897"}],"wp:attachment":[{"href":"https:\/\/staging.aavesa.com\/hu\/wp-json\/wp\/v2\/media?parent=91896"}],"wp:term":[{"taxonomy":"product_brand","embeddable":true,"href":"https:\/\/staging.aavesa.com\/hu\/wp-json\/wp\/v2\/product_brand?post=91896"},{"taxonomy":"product_cat","embeddable":true,"href":"https:\/\/staging.aavesa.com\/hu\/wp-json\/wp\/v2\/product_cat?post=91896"},{"taxonomy":"product_tag","embeddable":true,"href":"https:\/\/staging.aavesa.com\/hu\/wp-json\/wp\/v2\/product_tag?post=91896"}],"curies":[{"name":"wp","href":"https:\/\/api.w.org\/{rel}","templated":true}]}}