{"id":91853,"date":"2024-07-26T16:25:01","date_gmt":"2024-07-26T16:25:01","guid":{"rendered":"https:\/\/new.aavesa.com\/produs\/blackglama-nercbunda-hm016\/"},"modified":"2025-11-17T06:29:29","modified_gmt":"2025-11-17T06:29:29","slug":"blackglama-nercbunda-hm016","status":"publish","type":"product","link":"https:\/\/staging.aavesa.com\/hu\/product\/blackglama-nercbunda-hm016\/","title":{"rendered":"Blackglama nercbunda HM016"},"content":{"rendered":"<p>Ez a <a href=\"https:\/\/staging.aavesa.com\/hu\/nok\/vidra-bundak-vidra-zsekik\/\">blackglama nercbunda<\/a> \u00e9rt\u00e9kes ruhadarab, amelyet biztosan \u00e9szrevesznek. A blackglama nercbunda a legmin\u0151s\u00e9gibb nercbunda, amelynek nincs hib\u00e1ja. S\u0171r\u0171 \u00e9s d\u00fas sz\u0151rzete, kiv\u00e1l\u00f3 min\u0151s\u00e9g\u0171, gondos v\u00e1logat\u00e1s eredm\u00e9nye.   Exkluz\u00edv \u00e9s eleg\u00e1ns, ez a bunda extra st\u00edlust \u00e9s k\u00e9nyelmet k\u00f6lcs\u00f6n\u00f6z sz\u00e1modra, mivel a legink\u00e1bb ihletett v\u00e1laszt\u00e1s \u0151szi \u00e9s t\u00e9li ruh\u00e1id kieg\u00e9sz\u00edt\u00e9s\u00e9re. A klasszikus szab\u00e1s \u00e9s a der\u00e9k k\u00f6r\u00e9 h\u00faz\u00f3d\u00f3 fekete b\u0151rzsin\u00f3r b\u00e1rmilyen sziluettnek el\u0151ny\u00f6s, \u00e9s kiemeli a mozdulatok eleganci\u00e1j\u00e1t. A kab\u00e1t hossza 110 cm. <\/p>\n","protected":false},"excerpt":{"rendered":"<p>Ez a blackglama nercbunda \u00e9rt\u00e9kes ruhadarab, amelyet biztosan \u00e9szrevesznek. A blackglama nercbunda a legmin\u0151s\u00e9gibb nercbunda, amelynek nincs hib\u00e1ja. S\u0171r\u0171 \u00e9s d\u00fas sz\u0151rzete, kiv\u00e1l\u00f3 min\u0151s\u00e9g\u0171, gondos v\u00e1logat\u00e1s eredm\u00e9nye. Exkluz\u00edv \u00e9s eleg\u00e1ns, ez a bunda extra st\u00edlust \u00e9s k\u00e9nyelmet k\u00f6lcs\u00f6n\u00f6z sz\u00e1modra, mivel a legink\u00e1bb ihletett v\u00e1laszt\u00e1s \u0151szi \u00e9s t\u00e9li ruh\u00e1id kieg\u00e9sz\u00edt\u00e9s\u00e9re. A klasszikus szab\u00e1s \u00e9s a der\u00e9k [&hellip;]<\/p>\n","protected":false},"featured_media":91854,"comment_status":"open","ping_status":"closed","template":"","meta":{"_acf_changed":false,"inline_featured_image":false},"product_brand":[],"product_cat":[846,766,769,741,770],"product_tag":[],"class_list":{"0":"post-91853","1":"product","2":"type-product","3":"status-publish","4":"has-post-thumbnail","6":"product_cat-2019-2020-kollekcio","7":"product_cat-bundas-kabatok-es-bundas-dzsekik-noknek","8":"product_cat-nerc-szorme","9":"product_cat-nok","10":"product_cat-vidra-bundak-vidra-zsekik","12":"first","13":"instock","14":"taxable","15":"shipping-taxable","16":"purchasable","17":"product-type-variable","18":"has-default-attributes","19":"wvs-archive-product-wrapper"},"acf":{"categorie_feed":""},"aioseo_notices":[],"_links":{"self":[{"href":"https:\/\/staging.aavesa.com\/hu\/wp-json\/wp\/v2\/product\/91853","targetHints":{"allow":["GET"]}}],"collection":[{"href":"https:\/\/staging.aavesa.com\/hu\/wp-json\/wp\/v2\/product"}],"about":[{"href":"https:\/\/staging.aavesa.com\/hu\/wp-json\/wp\/v2\/types\/product"}],"replies":[{"embeddable":true,"href":"https:\/\/staging.aavesa.com\/hu\/wp-json\/wp\/v2\/comments?post=91853"}],"wp:featuredmedia":[{"embeddable":true,"href":"https:\/\/staging.aavesa.com\/hu\/wp-json\/wp\/v2\/media\/91854"}],"wp:attachment":[{"href":"https:\/\/staging.aavesa.com\/hu\/wp-json\/wp\/v2\/media?parent=91853"}],"wp:term":[{"taxonomy":"product_brand","embeddable":true,"href":"https:\/\/staging.aavesa.com\/hu\/wp-json\/wp\/v2\/product_brand?post=91853"},{"taxonomy":"product_cat","embeddable":true,"href":"https:\/\/staging.aavesa.com\/hu\/wp-json\/wp\/v2\/product_cat?post=91853"},{"taxonomy":"product_tag","embeddable":true,"href":"https:\/\/staging.aavesa.com\/hu\/wp-json\/wp\/v2\/product_tag?post=91853"}],"curies":[{"name":"wp","href":"https:\/\/api.w.org\/{rel}","templated":true}]}}