{"id":91460,"date":"2024-07-26T16:23:32","date_gmt":"2024-07-26T16:23:32","guid":{"rendered":"https:\/\/new.aavesa.com\/produs\/termeszetes-nercbunda-616\/"},"modified":"2025-11-17T06:29:51","modified_gmt":"2025-11-17T06:29:51","slug":"termeszetes-nercbunda-616","status":"publish","type":"product","link":"https:\/\/staging.aavesa.com\/hu\/product\/termeszetes-nercbunda-616\/","title":{"rendered":"Term\u00e9szetes nercbunda 616"},"content":{"rendered":"<p>Nercbund\u00e1b\u00f3l k\u00e9sz\u00fclt n\u0151i bunda. Ez a modell k\u00fcl\u00f6nleges a k\u00e9sz\u00edt\u00e9s m\u00f3dja miatt. Gondosan, a r\u00e9szletekig kidolgozott, \u00edgy a nercbunda darabok t\u00f6k\u00e9letesen szabottak. A kab\u00e1t hossza r\u00f6vid. Bel\u00fcl a kab\u00e1t b\u00e9lelt, hogy a legjobb k\u00e9nyelmet biztos\u00edtsa. A sz\u0151rmebund\u00e1nak k\u00e9t zsebe van, \u00e9s a z\u00e1r\u00e1sa klipszekkel t\u00f6rt\u00e9nik. Ez a bunda t\u00f6k\u00e9letes v\u00e1laszt\u00e1s egy k\u00fcl\u00f6nleges alkalomra vagy egy eleg\u00e1ns h\u00e9tk\u00f6znapi viselethez.      <\/p>\n","protected":false},"excerpt":{"rendered":"<p>Nercbund\u00e1b\u00f3l k\u00e9sz\u00fclt n\u0151i bunda. Ez a modell k\u00fcl\u00f6nleges a k\u00e9sz\u00edt\u00e9s m\u00f3dja miatt. Gondosan, a r\u00e9szletekig kidolgozott, \u00edgy a nercbunda darabok t\u00f6k\u00e9letesen szabottak. A kab\u00e1t hossza r\u00f6vid. Bel\u00fcl a kab\u00e1t b\u00e9lelt, hogy a legjobb k\u00e9nyelmet biztos\u00edtsa. A sz\u0151rmebund\u00e1nak k\u00e9t zsebe van, \u00e9s a z\u00e1r\u00e1sa klipszekkel t\u00f6rt\u00e9nik. Ez a bunda t\u00f6k\u00e9letes v\u00e1laszt\u00e1s egy k\u00fcl\u00f6nleges alkalomra vagy egy [&hellip;]<\/p>\n","protected":false},"featured_media":91461,"comment_status":"open","ping_status":"closed","template":"","meta":{"_acf_changed":false,"inline_featured_image":false},"product_brand":[],"product_cat":[835,792,769,741],"product_tag":[],"class_list":{"0":"post-91460","1":"product","2":"type-product","3":"status-publish","4":"has-post-thumbnail","6":"product_cat-2018-2019-kollekcio","7":"product_cat-bundas-salak-es-bundas-kopenyek","8":"product_cat-nerc-szorme","9":"product_cat-nok","11":"first","12":"instock","13":"taxable","14":"shipping-taxable","15":"purchasable","16":"product-type-variable","17":"has-default-attributes","18":"wvs-archive-product-wrapper"},"acf":{"categorie_feed":""},"aioseo_notices":[],"_links":{"self":[{"href":"https:\/\/staging.aavesa.com\/hu\/wp-json\/wp\/v2\/product\/91460","targetHints":{"allow":["GET"]}}],"collection":[{"href":"https:\/\/staging.aavesa.com\/hu\/wp-json\/wp\/v2\/product"}],"about":[{"href":"https:\/\/staging.aavesa.com\/hu\/wp-json\/wp\/v2\/types\/product"}],"replies":[{"embeddable":true,"href":"https:\/\/staging.aavesa.com\/hu\/wp-json\/wp\/v2\/comments?post=91460"}],"wp:featuredmedia":[{"embeddable":true,"href":"https:\/\/staging.aavesa.com\/hu\/wp-json\/wp\/v2\/media\/91461"}],"wp:attachment":[{"href":"https:\/\/staging.aavesa.com\/hu\/wp-json\/wp\/v2\/media?parent=91460"}],"wp:term":[{"taxonomy":"product_brand","embeddable":true,"href":"https:\/\/staging.aavesa.com\/hu\/wp-json\/wp\/v2\/product_brand?post=91460"},{"taxonomy":"product_cat","embeddable":true,"href":"https:\/\/staging.aavesa.com\/hu\/wp-json\/wp\/v2\/product_cat?post=91460"},{"taxonomy":"product_tag","embeddable":true,"href":"https:\/\/staging.aavesa.com\/hu\/wp-json\/wp\/v2\/product_tag?post=91460"}],"curies":[{"name":"wp","href":"https:\/\/api.w.org\/{rel}","templated":true}]}}