{"id":90805,"date":"2024-07-26T16:34:07","date_gmt":"2024-07-26T18:34:07","guid":{"rendered":"https:\/\/new.aavesa.com\/produs\/termeszetes-bor-dzseki-ferfiaknak-3027\/"},"modified":"2025-11-17T06:27:01","modified_gmt":"2025-11-17T06:27:01","slug":"termeszetes-bor-dzseki-ferfiaknak-3027","status":"publish","type":"product","link":"https:\/\/staging.aavesa.com\/hu\/product\/termeszetes-bor-dzseki-ferfiaknak-3027\/","title":{"rendered":"Term\u00e9szetes b\u0151r dzseki f\u00e9rfiaknak 3027"},"content":{"rendered":"<p>Ha laza \u00e9s k\u00e9nyelmes, de eleg\u00e1ns megjelen\u00e9sre v\u00e1gysz, a <a href=\"https:\/\/staging.aavesa.com\/hu\/ferfiak\/borkabatok-ferfiaknak\/\">val\u00f3di b\u0151rdzseki<\/a> a legjobb v\u00e1laszt\u00e1s. A trendekt\u0151l f\u00fcggetlen\u00fcl a b\u0151rdzsekik mindig a preferenci\u00e1k \u00e9l\u00e9n maradnak, mivel a legpraktikusabb ruhadarabok k\u00f6z\u00e9 tartoznak &#8211; tart\u00f3sak \u00e9s ellen\u00e1llhatatlanok. Ez a term\u00e9szetes b\u0151rb\u0151l k\u00e9sz\u00fclt f\u00e9rfi dzseki sem kiv\u00e9tel. A korszer\u0171 szab\u00e1s \u00e9s az egyszer\u0171 vonalak arra inspir\u00e1lnak, hogy sz\u00e1mos ruhadarabhoz illeszkedjen. A dzseki tenger\u00e9szk\u00e9k sz\u00ednben kaphat\u00f3. Modell\u00fcnk 183 cm magas, 48-as m\u00e9retet visel, a term\u00e9k hossza pedig 65 cm.     <\/p>\n","protected":false},"excerpt":{"rendered":"<p>Ha laza \u00e9s k\u00e9nyelmes, de eleg\u00e1ns megjelen\u00e9sre v\u00e1gysz, a val\u00f3di b\u0151rdzseki a legjobb v\u00e1laszt\u00e1s. A trendekt\u0151l f\u00fcggetlen\u00fcl a b\u0151rdzsekik mindig a preferenci\u00e1k \u00e9l\u00e9n maradnak, mivel a legpraktikusabb ruhadarabok k\u00f6z\u00e9 tartoznak &#8211; tart\u00f3sak \u00e9s ellen\u00e1llhatatlanok. Ez a term\u00e9szetes b\u0151rb\u0151l k\u00e9sz\u00fclt f\u00e9rfi dzseki sem kiv\u00e9tel. A korszer\u0171 szab\u00e1s \u00e9s az egyszer\u0171 vonalak arra inspir\u00e1lnak, hogy sz\u00e1mos ruhadarabhoz [&hellip;]<\/p>\n","protected":false},"featured_media":90806,"comment_status":"closed","ping_status":"closed","template":"","meta":{"_acf_changed":false,"inline_featured_image":false},"product_brand":[],"product_cat":[833,762,725,916],"product_tag":[],"class_list":{"0":"post-90805","1":"product","2":"type-product","3":"status-publish","4":"has-post-thumbnail","6":"product_cat-2022-2023-as-kollekcio","7":"product_cat-borkabatok-ferfiaknak","8":"product_cat-ferfiak","9":"product_cat-valodi-bor-termekek-tavaszra-es-oszre-kabatok-nadragok-kabatok-szoknyak-es-loveszkabatok-kabatok-nadragok-kabatok-szoknyak-es-loveszkabatok","11":"first","12":"instock","13":"taxable","14":"shipping-taxable","15":"purchasable","16":"product-type-variable","17":"has-default-attributes","18":"wvs-archive-product-wrapper"},"acf":{"categorie_feed":""},"aioseo_notices":[],"_links":{"self":[{"href":"https:\/\/staging.aavesa.com\/hu\/wp-json\/wp\/v2\/product\/90805","targetHints":{"allow":["GET"]}}],"collection":[{"href":"https:\/\/staging.aavesa.com\/hu\/wp-json\/wp\/v2\/product"}],"about":[{"href":"https:\/\/staging.aavesa.com\/hu\/wp-json\/wp\/v2\/types\/product"}],"replies":[{"embeddable":true,"href":"https:\/\/staging.aavesa.com\/hu\/wp-json\/wp\/v2\/comments?post=90805"}],"wp:featuredmedia":[{"embeddable":true,"href":"https:\/\/staging.aavesa.com\/hu\/wp-json\/wp\/v2\/media\/90806"}],"wp:attachment":[{"href":"https:\/\/staging.aavesa.com\/hu\/wp-json\/wp\/v2\/media?parent=90805"}],"wp:term":[{"taxonomy":"product_brand","embeddable":true,"href":"https:\/\/staging.aavesa.com\/hu\/wp-json\/wp\/v2\/product_brand?post=90805"},{"taxonomy":"product_cat","embeddable":true,"href":"https:\/\/staging.aavesa.com\/hu\/wp-json\/wp\/v2\/product_cat?post=90805"},{"taxonomy":"product_tag","embeddable":true,"href":"https:\/\/staging.aavesa.com\/hu\/wp-json\/wp\/v2\/product_tag?post=90805"}],"curies":[{"name":"wp","href":"https:\/\/api.w.org\/{rel}","templated":true}]}}