{"id":90339,"date":"2024-07-26T16:35:08","date_gmt":"2024-07-26T16:35:08","guid":{"rendered":"https:\/\/new.aavesa.com\/produs\/baranybor-kopeny-2036\/"},"modified":"2026-04-13T09:16:46","modified_gmt":"2026-04-13T11:16:46","slug":"baranybor-kopeny-2036","status":"publish","type":"product","link":"https:\/\/staging.aavesa.com\/hu\/product\/baranybor-kopeny-2036\/","title":{"rendered":"B\u00e1r\u00e1nyb\u0151r k\u00f6peny 2036"},"content":{"rendered":"<p>St\u00edlusos \u00e9s n\u0151ies, ez a merin\u00f3 b\u00e1r\u00e1nybunda bunda nagyon alkalmas ruhadarab a t\u00e9l \u00e9lvez\u00e9s\u00e9hez. Fekete, feh\u00e9r b\u00e1r\u00e1nysz\u0151rme r\u00e9szleteivel, klasszikus \u00e9s eleg\u00e1ns, ez a n\u0151i kab\u00e1t egyedi szab\u00e1s\u00e1val mindenki tekintet\u00e9t mag\u00e1ra vonzza. Alkalmas alkalmi \u00e9s kiss\u00e9 eleg\u00e1nsabb \u00f6lt\u00f6z\u00e9khez egyar\u00e1nt. A der\u00e9ksz\u00edj seg\u00edt kiemelni visel\u0151je derek\u00e1t, \u00edgy egyszerre eleg\u00e1ns \u00e9s praktikus elem. Gombokkal z\u00e1r\u00f3dik. A k\u00e9t zseb n\u00f6veli visel\u0151je k\u00e9nyelm\u00e9t. A kab\u00e1t hossza 100 cm.      <\/p>\n","protected":false},"excerpt":{"rendered":"<p>St\u00edlusos \u00e9s n\u0151ies, ez a merin\u00f3 b\u00e1r\u00e1nybunda bunda nagyon alkalmas ruhadarab a t\u00e9l \u00e9lvez\u00e9s\u00e9hez. Fekete, feh\u00e9r b\u00e1r\u00e1nysz\u0151rme r\u00e9szleteivel, klasszikus \u00e9s eleg\u00e1ns, ez a n\u0151i kab\u00e1t egyedi szab\u00e1s\u00e1val mindenki tekintet\u00e9t mag\u00e1ra vonzza. Alkalmas alkalmi \u00e9s kiss\u00e9 eleg\u00e1nsabb \u00f6lt\u00f6z\u00e9khez egyar\u00e1nt. A der\u00e9ksz\u00edj seg\u00edt kiemelni visel\u0151je derek\u00e1t, \u00edgy egyszerre eleg\u00e1ns \u00e9s praktikus elem. Gombokkal z\u00e1r\u00f3dik. A k\u00e9t zseb [&hellip;]<\/p>\n","protected":false},"featured_media":90340,"comment_status":"closed","ping_status":"closed","template":"","meta":{"_acf_changed":false,"inline_featured_image":false},"product_brand":[],"product_cat":[727,778,779],"product_tag":[],"class_list":{"0":"post-90339","1":"product","2":"type-product","3":"status-publish","4":"has-post-thumbnail","6":"product_cat-2023-2024-kollekcio","7":"product_cat-baranybor-kabatok-hu","8":"product_cat-noi-shearling-kabatok","10":"first","11":"instock","12":"taxable","13":"shipping-taxable","14":"purchasable","15":"product-type-variable","16":"has-default-attributes","17":"wvs-archive-product-wrapper"},"acf":{"categorie_feed":""},"aioseo_notices":[],"_links":{"self":[{"href":"https:\/\/staging.aavesa.com\/hu\/wp-json\/wp\/v2\/product\/90339","targetHints":{"allow":["GET"]}}],"collection":[{"href":"https:\/\/staging.aavesa.com\/hu\/wp-json\/wp\/v2\/product"}],"about":[{"href":"https:\/\/staging.aavesa.com\/hu\/wp-json\/wp\/v2\/types\/product"}],"replies":[{"embeddable":true,"href":"https:\/\/staging.aavesa.com\/hu\/wp-json\/wp\/v2\/comments?post=90339"}],"wp:featuredmedia":[{"embeddable":true,"href":"https:\/\/staging.aavesa.com\/hu\/wp-json\/wp\/v2\/media\/90340"}],"wp:attachment":[{"href":"https:\/\/staging.aavesa.com\/hu\/wp-json\/wp\/v2\/media?parent=90339"}],"wp:term":[{"taxonomy":"product_brand","embeddable":true,"href":"https:\/\/staging.aavesa.com\/hu\/wp-json\/wp\/v2\/product_brand?post=90339"},{"taxonomy":"product_cat","embeddable":true,"href":"https:\/\/staging.aavesa.com\/hu\/wp-json\/wp\/v2\/product_cat?post=90339"},{"taxonomy":"product_tag","embeddable":true,"href":"https:\/\/staging.aavesa.com\/hu\/wp-json\/wp\/v2\/product_tag?post=90339"}],"curies":[{"name":"wp","href":"https:\/\/api.w.org\/{rel}","templated":true}]}}