{"id":90132,"date":"2024-07-26T16:20:29","date_gmt":"2024-07-26T16:20:29","guid":{"rendered":"https:\/\/new.aavesa.com\/produs\/termeszetes-szorme-caplet-613\/"},"modified":"2025-11-17T06:23:06","modified_gmt":"2025-11-17T06:23:06","slug":"termeszetes-szorme-caplet-613","status":"publish","type":"product","link":"https:\/\/staging.aavesa.com\/hu\/product\/termeszetes-szorme-caplet-613\/","title":{"rendered":"Term\u00e9szetes sz\u0151rme caplet 613"},"content":{"rendered":"<p>Term\u00e9szetes sz\u0151rme gall\u00e9r n\u0151knek, term\u00e9szetes sarki r\u00f3ka sz\u0151rm\u00e9b\u0151l. Ez a sz\u0151rm\u00e9s gall\u00e9r t\u00f6k\u00e9letes kieg\u00e9sz\u00edt\u0151, hogy kiemelje megjelen\u00e9s\u00e9t az esem\u00e9nyeken. Ennek a sz\u0151rme gall\u00e9rnak a k\u00fclseje term\u00e9szetes pol\u00e1r r\u00f3kasz\u0151rme darabokb\u00f3l k\u00e9sz\u00fclt, gondosan \u00e9s \u00fcgyesen varrva. A belseje poli\u00e9szter anyaggal van b\u00e9lelve. A z\u00e1r\u00e1s &#8222;hook-and-eye&#8221; rendszerrel biztos\u00edtott.    <\/p>\n","protected":false},"excerpt":{"rendered":"<p>Term\u00e9szetes sz\u0151rme gall\u00e9r n\u0151knek, term\u00e9szetes sarki r\u00f3ka sz\u0151rm\u00e9b\u0151l. Ez a sz\u0151rm\u00e9s gall\u00e9r t\u00f6k\u00e9letes kieg\u00e9sz\u00edt\u0151, hogy kiemelje megjelen\u00e9s\u00e9t az esem\u00e9nyeken. Ennek a sz\u0151rme gall\u00e9rnak a k\u00fclseje term\u00e9szetes pol\u00e1r r\u00f3kasz\u0151rme darabokb\u00f3l k\u00e9sz\u00fclt, gondosan \u00e9s \u00fcgyesen varrva. A belseje poli\u00e9szter anyaggal van b\u00e9lelve. A z\u00e1r\u00e1s &#8222;hook-and-eye&#8221; rendszerrel biztos\u00edtott.<\/p>\n","protected":false},"featured_media":90133,"comment_status":"open","ping_status":"closed","template":"","meta":{"_acf_changed":false,"inline_featured_image":false},"product_brand":[],"product_cat":[792,795,741,765],"product_tag":[],"class_list":{"0":"post-90132","1":"product","2":"type-product","3":"status-publish","4":"has-post-thumbnail","6":"product_cat-bundas-salak-es-bundas-kopenyek","7":"product_cat-kiegeszitok","8":"product_cat-nok","9":"product_cat-roka-szorme","11":"first","12":"instock","13":"taxable","14":"shipping-taxable","15":"purchasable","16":"product-type-variable","17":"has-default-attributes","18":"wvs-archive-product-wrapper"},"acf":{"categorie_feed":""},"aioseo_notices":[],"_links":{"self":[{"href":"https:\/\/staging.aavesa.com\/hu\/wp-json\/wp\/v2\/product\/90132","targetHints":{"allow":["GET"]}}],"collection":[{"href":"https:\/\/staging.aavesa.com\/hu\/wp-json\/wp\/v2\/product"}],"about":[{"href":"https:\/\/staging.aavesa.com\/hu\/wp-json\/wp\/v2\/types\/product"}],"replies":[{"embeddable":true,"href":"https:\/\/staging.aavesa.com\/hu\/wp-json\/wp\/v2\/comments?post=90132"}],"wp:featuredmedia":[{"embeddable":true,"href":"https:\/\/staging.aavesa.com\/hu\/wp-json\/wp\/v2\/media\/90133"}],"wp:attachment":[{"href":"https:\/\/staging.aavesa.com\/hu\/wp-json\/wp\/v2\/media?parent=90132"}],"wp:term":[{"taxonomy":"product_brand","embeddable":true,"href":"https:\/\/staging.aavesa.com\/hu\/wp-json\/wp\/v2\/product_brand?post=90132"},{"taxonomy":"product_cat","embeddable":true,"href":"https:\/\/staging.aavesa.com\/hu\/wp-json\/wp\/v2\/product_cat?post=90132"},{"taxonomy":"product_tag","embeddable":true,"href":"https:\/\/staging.aavesa.com\/hu\/wp-json\/wp\/v2\/product_tag?post=90132"}],"curies":[{"name":"wp","href":"https:\/\/api.w.org\/{rel}","templated":true}]}}