{"id":89968,"date":"2024-07-26T16:20:13","date_gmt":"2024-07-26T16:20:13","guid":{"rendered":"https:\/\/new.aavesa.com\/produs\/termeszetes-szorme-csecsebecse-940\/"},"modified":"2025-11-15T21:55:56","modified_gmt":"2025-11-15T21:55:56","slug":"termeszetes-szorme-csecsebecse-940","status":"publish","type":"product","link":"https:\/\/staging.aavesa.com\/hu\/product\/termeszetes-szorme-csecsebecse-940\/","title":{"rendered":"Term\u00e9szetes sz\u0151rme csecsebecse 940"},"content":{"rendered":"<p>Term\u00e9szetes r\u00f3ka\/mos\u00f3medve sz\u0151rm\u00e9b\u0151l k\u00e9sz\u00fclt bizsu, f\u00e9m karabinnal d\u00edsz\u00edtve. A r\u00f3kabunda pompon m\u00e9rete 10 cm. Ide\u00e1lis kieg\u00e9sz\u00edt\u0151, amely b\u0151r t\u00e1sk\u00e1val, p\u00e9nzt\u00e1rc\u00e1val vagy kulcsokkal egy\u00fctt hordhat\u00f3. Az elm\u00falt \u00e9vben a legtrendibb kieg\u00e9sz\u00edt\u0151, amelyet sok h\u00edress\u00e9g viselt. A term\u00e9szetes sz\u0151rme csecsebecse a k\u00f6vetkez\u0151 sz\u00ednekben kaphat\u00f3: barna, ez\u00fcst, feh\u00e9r \u00e9s fekete.    <\/p>\n","protected":false},"excerpt":{"rendered":"<p>Term\u00e9szetes r\u00f3ka\/mos\u00f3medve sz\u0151rm\u00e9b\u0151l k\u00e9sz\u00fclt bizsu, f\u00e9m karabinnal d\u00edsz\u00edtve. A r\u00f3kabunda pompon m\u00e9rete 10 cm. Ide\u00e1lis kieg\u00e9sz\u00edt\u0151, amely b\u0151r t\u00e1sk\u00e1val, p\u00e9nzt\u00e1rc\u00e1val vagy kulcsokkal egy\u00fctt hordhat\u00f3. Az elm\u00falt \u00e9vben a legtrendibb kieg\u00e9sz\u00edt\u0151, amelyet sok h\u00edress\u00e9g viselt. A term\u00e9szetes sz\u0151rme csecsebecse a k\u00f6vetkez\u0151 sz\u00ednekben kaphat\u00f3: barna, ez\u00fcst, feh\u00e9r \u00e9s fekete.<\/p>\n","protected":false},"featured_media":89969,"comment_status":"open","ping_status":"closed","template":"","meta":{"_acf_changed":false,"inline_featured_image":false},"product_brand":[],"product_cat":[795,741,765,807],"product_tag":[],"class_list":{"0":"post-89968","1":"product","2":"type-product","3":"status-publish","4":"has-post-thumbnail","6":"product_cat-kiegeszitok","7":"product_cat-nok","8":"product_cat-roka-szorme","9":"product_cat-szorme-kiegeszitok","11":"first","12":"instock","13":"taxable","14":"shipping-taxable","15":"purchasable","16":"product-type-variable","17":"has-default-attributes","18":"wvs-archive-product-wrapper"},"acf":{"categorie_feed":""},"aioseo_notices":[],"_links":{"self":[{"href":"https:\/\/staging.aavesa.com\/hu\/wp-json\/wp\/v2\/product\/89968","targetHints":{"allow":["GET"]}}],"collection":[{"href":"https:\/\/staging.aavesa.com\/hu\/wp-json\/wp\/v2\/product"}],"about":[{"href":"https:\/\/staging.aavesa.com\/hu\/wp-json\/wp\/v2\/types\/product"}],"replies":[{"embeddable":true,"href":"https:\/\/staging.aavesa.com\/hu\/wp-json\/wp\/v2\/comments?post=89968"}],"wp:featuredmedia":[{"embeddable":true,"href":"https:\/\/staging.aavesa.com\/hu\/wp-json\/wp\/v2\/media\/89969"}],"wp:attachment":[{"href":"https:\/\/staging.aavesa.com\/hu\/wp-json\/wp\/v2\/media?parent=89968"}],"wp:term":[{"taxonomy":"product_brand","embeddable":true,"href":"https:\/\/staging.aavesa.com\/hu\/wp-json\/wp\/v2\/product_brand?post=89968"},{"taxonomy":"product_cat","embeddable":true,"href":"https:\/\/staging.aavesa.com\/hu\/wp-json\/wp\/v2\/product_cat?post=89968"},{"taxonomy":"product_tag","embeddable":true,"href":"https:\/\/staging.aavesa.com\/hu\/wp-json\/wp\/v2\/product_tag?post=89968"}],"curies":[{"name":"wp","href":"https:\/\/api.w.org\/{rel}","templated":true}]}}