{"id":89741,"date":"2024-07-26T16:19:20","date_gmt":"2024-07-26T16:19:20","guid":{"rendered":"https:\/\/new.aavesa.com\/produs\/baranybor-melleny-440\/"},"modified":"2025-11-17T06:23:34","modified_gmt":"2025-11-17T06:23:34","slug":"baranybor-melleny-440","status":"publish","type":"product","link":"https:\/\/staging.aavesa.com\/hu\/product\/baranybor-melleny-440\/","title":{"rendered":"B\u00e1r\u00e1nyb\u0151r mell\u00e9ny 440"},"content":{"rendered":"<p>N\u0151i mell\u00e9ny, <a href=\"https:\/\/staging.aavesa.com\/hu\/nok\/shearling-mellenyek-es-bundas-mellenyek-noknek\/\">b\u00e1r\u00e1nyb\u0151r mell\u00e9ny<\/a> k\u00f6penyes kialak\u00edt\u00e1ssal a t\u00f6k\u00e9letes \u00f6lt\u00f6z\u00e9khez, amely eleganci\u00e1t \u00e9s n\u0151iess\u00e9get inspir\u00e1l.<br \/>\nEz a k\u00f6peny k\u00edv\u00fcl b\u00e1r\u00e1nysz\u0151rb\u0151l k\u00e9sz\u00fclt, d\u00edsz\u00edtett, bel\u00fcl b\u00e9lelt, \u00edgy a k\u00e9nyelem \u00e9s a min\u0151s\u00e9g, amit meg\u00e9rdemel. A szab\u00e1sa sz\u00e9lesebb, megfelel\u0151 kieg\u00e9sz\u00edt\u0151 olyan esem\u00e9nyeken, amelyek ig\u00e9nyes \u00f6lt\u00f6zk\u00f6d\u00e9si szab\u00e1lyokat k\u00f6vetelnek meg. A z\u00e1r\u00e1s f\u00e9mhorog rendszerrel t\u00f6rt\u00e9nik, k\u00f6nnyen haszn\u00e1lhat\u00f3, \u00e9s nem vonja mag\u00e1ra a figyelmet err\u0151l a luxus term\u00e9szetes sz\u0151rmemell\u00e9nyr\u0151l.<br \/>\nEz a luxus ruhadarab egy sz\u00ednben rendelhet\u0151: s\u00f6t\u00e9tsz\u00fcrke, egy olyan sz\u00edn, amely nagyon k\u00f6nnyen illeszkedik a szekr\u00e9ny\u00e9be.  <\/p>\n","protected":false},"excerpt":{"rendered":"<p>N\u0151i mell\u00e9ny, b\u00e1r\u00e1nyb\u0151r mell\u00e9ny k\u00f6penyes kialak\u00edt\u00e1ssal a t\u00f6k\u00e9letes \u00f6lt\u00f6z\u00e9khez, amely eleganci\u00e1t \u00e9s n\u0151iess\u00e9get inspir\u00e1l. Ez a k\u00f6peny k\u00edv\u00fcl b\u00e1r\u00e1nysz\u0151rb\u0151l k\u00e9sz\u00fclt, d\u00edsz\u00edtett, bel\u00fcl b\u00e9lelt, \u00edgy a k\u00e9nyelem \u00e9s a min\u0151s\u00e9g, amit meg\u00e9rdemel. A szab\u00e1sa sz\u00e9lesebb, megfelel\u0151 kieg\u00e9sz\u00edt\u0151 olyan esem\u00e9nyeken, amelyek ig\u00e9nyes \u00f6lt\u00f6zk\u00f6d\u00e9si szab\u00e1lyokat k\u00f6vetelnek meg. A z\u00e1r\u00e1s f\u00e9mhorog rendszerrel t\u00f6rt\u00e9nik, k\u00f6nnyen haszn\u00e1lhat\u00f3, \u00e9s nem vonja mag\u00e1ra [&hellip;]<\/p>\n","protected":false},"featured_media":81162,"comment_status":"open","ping_status":"closed","template":"","meta":{"_acf_changed":false,"inline_featured_image":false},"product_brand":[],"product_cat":[792],"product_tag":[],"class_list":{"0":"post-89741","1":"product","2":"type-product","3":"status-publish","4":"has-post-thumbnail","6":"product_cat-bundas-salak-es-bundas-kopenyek","8":"first","9":"instock","10":"taxable","11":"shipping-taxable","12":"purchasable","13":"product-type-variable","14":"has-default-attributes","15":"wvs-archive-product-wrapper"},"acf":{"categorie_feed":""},"aioseo_notices":[],"_links":{"self":[{"href":"https:\/\/staging.aavesa.com\/hu\/wp-json\/wp\/v2\/product\/89741","targetHints":{"allow":["GET"]}}],"collection":[{"href":"https:\/\/staging.aavesa.com\/hu\/wp-json\/wp\/v2\/product"}],"about":[{"href":"https:\/\/staging.aavesa.com\/hu\/wp-json\/wp\/v2\/types\/product"}],"replies":[{"embeddable":true,"href":"https:\/\/staging.aavesa.com\/hu\/wp-json\/wp\/v2\/comments?post=89741"}],"wp:featuredmedia":[{"embeddable":true,"href":"https:\/\/staging.aavesa.com\/hu\/wp-json\/wp\/v2\/media\/81162"}],"wp:attachment":[{"href":"https:\/\/staging.aavesa.com\/hu\/wp-json\/wp\/v2\/media?parent=89741"}],"wp:term":[{"taxonomy":"product_brand","embeddable":true,"href":"https:\/\/staging.aavesa.com\/hu\/wp-json\/wp\/v2\/product_brand?post=89741"},{"taxonomy":"product_cat","embeddable":true,"href":"https:\/\/staging.aavesa.com\/hu\/wp-json\/wp\/v2\/product_cat?post=89741"},{"taxonomy":"product_tag","embeddable":true,"href":"https:\/\/staging.aavesa.com\/hu\/wp-json\/wp\/v2\/product_tag?post=89741"}],"curies":[{"name":"wp","href":"https:\/\/api.w.org\/{rel}","templated":true}]}}