{"id":89648,"date":"2024-07-26T16:19:03","date_gmt":"2024-07-26T16:19:03","guid":{"rendered":"https:\/\/new.aavesa.com\/produs\/noi-nyirokabat-255\/"},"modified":"2026-04-10T15:04:36","modified_gmt":"2026-04-10T17:04:36","slug":"noi-nyirokabat-255","status":"publish","type":"product","link":"https:\/\/staging.aavesa.com\/hu\/product\/noi-nyirokabat-255\/","title":{"rendered":"N\u0151i ny\u00edr\u00f3kab\u00e1t 255"},"content":{"rendered":"<p>N\u0151i b\u00e1r\u00e1nyb\u0151rb\u0151l k\u00e9sz\u00fclt shearling kab\u00e1t, amely minden nap meghat\u00e1rozza a t\u00f6k\u00e9letes st\u00edlusodat. A k\u00fcls\u0151 shearling kab\u00e1t b\u00e1r\u00e1ny nappa b\u0151rb\u0151l \u00e9s sz\u0151rme ny\u00edrt b\u00e1r\u00e1ny merin\u00f3b\u00f3l k\u00e9sz\u00fclt, amely ellen\u00e1ll a nedvess\u00e9gnek \u00e9s a szennyez\u0151d\u00e9snek. A bels\u0151 sz\u0151rme bunda ny\u00edrt b\u00e1r\u00e1ny merin\u00f3, vastags\u00e1ga 8 mm. St\u00edlus kab\u00e1t sz\u0151rme jobbra, \u00e9s hozzon l\u00e9tre egy k\u00e9nyelmet, amely l\u00e1that\u00f3. A kab\u00e1t hossza t\u00f6k\u00e9letes a hideg napokon, a cipz\u00e1ras zsebek pedig praktikus r\u00e9szletet jelentenek. Ennek a sz\u0151rmekab\u00e1tnak a z\u00e1r\u00e1sa cipz\u00e1rral t\u00f6rt\u00e9nik. Ez a ruhadarab t\u00f6bb sz\u00ednkombin\u00e1ci\u00f3ban is megv\u00e1s\u00e1rolhat\u00f3, v\u00e1lassza ki az \u00d6nnek megfelel\u0151t!      <\/p>\n","protected":false},"excerpt":{"rendered":"<p>N\u0151i b\u00e1r\u00e1nyb\u0151rb\u0151l k\u00e9sz\u00fclt shearling kab\u00e1t, amely minden nap meghat\u00e1rozza a t\u00f6k\u00e9letes st\u00edlusodat. A k\u00fcls\u0151 shearling kab\u00e1t b\u00e1r\u00e1ny nappa b\u0151rb\u0151l \u00e9s sz\u0151rme ny\u00edrt b\u00e1r\u00e1ny merin\u00f3b\u00f3l k\u00e9sz\u00fclt, amely ellen\u00e1ll a nedvess\u00e9gnek \u00e9s a szennyez\u0151d\u00e9snek. A bels\u0151 sz\u0151rme bunda ny\u00edrt b\u00e1r\u00e1ny merin\u00f3, vastags\u00e1ga 8 mm. St\u00edlus kab\u00e1t sz\u0151rme jobbra, \u00e9s hozzon l\u00e9tre egy k\u00e9nyelmet, amely l\u00e1that\u00f3. A kab\u00e1t [&hellip;]<\/p>\n","protected":false},"featured_media":80878,"comment_status":"open","ping_status":"closed","template":"","meta":{"_acf_changed":false,"inline_featured_image":false},"product_brand":[],"product_cat":[952,773],"product_tag":[],"class_list":{"0":"post-89648","1":"product","2":"type-product","3":"status-publish","4":"has-post-thumbnail","6":"product_cat-ferfi-es-noi-pehelypaplan-dzsekik-a-luxus-es-a-melegseg-vegso-kevereke","7":"product_cat-noi-shearling-dzsekik","9":"first","10":"instock","11":"taxable","12":"shipping-taxable","13":"purchasable","14":"product-type-variable","15":"has-default-attributes","16":"wvs-archive-product-wrapper"},"acf":{"categorie_feed":""},"aioseo_notices":[],"_links":{"self":[{"href":"https:\/\/staging.aavesa.com\/hu\/wp-json\/wp\/v2\/product\/89648","targetHints":{"allow":["GET"]}}],"collection":[{"href":"https:\/\/staging.aavesa.com\/hu\/wp-json\/wp\/v2\/product"}],"about":[{"href":"https:\/\/staging.aavesa.com\/hu\/wp-json\/wp\/v2\/types\/product"}],"replies":[{"embeddable":true,"href":"https:\/\/staging.aavesa.com\/hu\/wp-json\/wp\/v2\/comments?post=89648"}],"wp:featuredmedia":[{"embeddable":true,"href":"https:\/\/staging.aavesa.com\/hu\/wp-json\/wp\/v2\/media\/80878"}],"wp:attachment":[{"href":"https:\/\/staging.aavesa.com\/hu\/wp-json\/wp\/v2\/media?parent=89648"}],"wp:term":[{"taxonomy":"product_brand","embeddable":true,"href":"https:\/\/staging.aavesa.com\/hu\/wp-json\/wp\/v2\/product_brand?post=89648"},{"taxonomy":"product_cat","embeddable":true,"href":"https:\/\/staging.aavesa.com\/hu\/wp-json\/wp\/v2\/product_cat?post=89648"},{"taxonomy":"product_tag","embeddable":true,"href":"https:\/\/staging.aavesa.com\/hu\/wp-json\/wp\/v2\/product_tag?post=89648"}],"curies":[{"name":"wp","href":"https:\/\/api.w.org\/{rel}","templated":true}]}}