{"id":89368,"date":"2024-07-26T16:17:56","date_gmt":"2024-07-26T16:17:56","guid":{"rendered":"https:\/\/new.aavesa.com\/produs\/irhakabat-102-gp\/"},"modified":"2026-04-13T09:17:32","modified_gmt":"2026-04-13T11:17:32","slug":"irhakabat-102-gp","status":"publish","type":"product","link":"https:\/\/staging.aavesa.com\/hu\/product\/irhakabat-102-gp\/","title":{"rendered":"Irhakab\u00e1t 102 GP"},"content":{"rendered":"<p>N\u0151i irhakab\u00e1t eleg\u00e1ns kivitelben, a legmagasabb min\u0151s\u00e9g\u0171 anyagokb\u00f3l. Ez a <a href=\"https:\/\/staging.aavesa.com\/hu\/nok\/noi-shearling-kabatok\/\">birkabunda<\/a> k\u00edv\u00fclr\u0151l b\u00e1r\u00e1ny-nappab\u0151rb\u0151l k\u00e9sz\u00fclt, amelynek k\u00e9t nagyon fontos tulajdons\u00e1ga van: ellen\u00e1ll a szennyez\u0151d\u00e9snek \u00e9s a nedvess\u00e9gnek. Ennek a term\u00e9szetes irhakab\u00e1tnak a belsej\u00e9ben 8 mm vastags\u00e1g\u00fa, ny\u00edrt merin\u00f3 b\u00e1r\u00e1nyb\u0151r tal\u00e1lhat\u00f3. Ennek a ruhadarabnak az eleganci\u00e1j\u00e1t a zsin\u00f3r adja, amely nagyon egyszer\u0171en z\u00e1r\u00f3dik, \u00e9s t\u00f6k\u00e9letesen kiemeli a derekat. A b\u0151r \u00f6v mellett n\u00e9gy k\u00fcl\u00f6nb\u00f6z\u0151 gomb is tal\u00e1lhat\u00f3. Ez a birkab\u0151r kab\u00e1t az al\u00e1bbi sz\u00ednekben \u00e9rhet\u0151 el: b\u00e9zs, taupe, barna \u00e9s fekete. Ezek a sz\u00ednek k\u00f6nnyen kombin\u00e1lhat\u00f3k k\u00fcl\u00f6nb\u00f6z\u0151 st\u00edlusokkal, hogy minden nap t\u00f6k\u00e9letes megjelen\u00e9st biztos\u00edtsanak.<\/p>\n","protected":false},"excerpt":{"rendered":"<p>N\u0151i irhakab\u00e1t eleg\u00e1ns kivitelben, a legmagasabb min\u0151s\u00e9g\u0171 anyagokb\u00f3l. Ez a birkabunda k\u00edv\u00fclr\u0151l b\u00e1r\u00e1ny-nappab\u0151rb\u0151l k\u00e9sz\u00fclt, amelynek k\u00e9t nagyon fontos tulajdons\u00e1ga van: ellen\u00e1ll a szennyez\u0151d\u00e9snek \u00e9s a nedvess\u00e9gnek. Ennek a term\u00e9szetes irhakab\u00e1tnak a belsej\u00e9ben 8 mm vastags\u00e1g\u00fa, ny\u00edrt merin\u00f3 b\u00e1r\u00e1nyb\u0151r tal\u00e1lhat\u00f3. Ennek a ruhadarabnak az eleganci\u00e1j\u00e1t a zsin\u00f3r adja, amely nagyon egyszer\u0171en z\u00e1r\u00f3dik, \u00e9s t\u00f6k\u00e9letesen kiemeli a [&hellip;]<\/p>\n","protected":false},"featured_media":79593,"comment_status":"open","ping_status":"closed","template":"","meta":{"_acf_changed":false,"inline_featured_image":false},"product_brand":[],"product_cat":[784,778,779],"product_tag":[],"class_list":{"0":"post-89368","1":"product","2":"type-product","3":"status-publish","4":"has-post-thumbnail","6":"product_cat-baranybor","7":"product_cat-baranybor-kabatok-hu","8":"product_cat-noi-shearling-kabatok","10":"first","11":"instock","12":"taxable","13":"shipping-taxable","14":"purchasable","15":"product-type-variable","16":"has-default-attributes","17":"wvs-archive-product-wrapper"},"acf":{"categorie_feed":""},"aioseo_notices":[],"_links":{"self":[{"href":"https:\/\/staging.aavesa.com\/hu\/wp-json\/wp\/v2\/product\/89368","targetHints":{"allow":["GET"]}}],"collection":[{"href":"https:\/\/staging.aavesa.com\/hu\/wp-json\/wp\/v2\/product"}],"about":[{"href":"https:\/\/staging.aavesa.com\/hu\/wp-json\/wp\/v2\/types\/product"}],"replies":[{"embeddable":true,"href":"https:\/\/staging.aavesa.com\/hu\/wp-json\/wp\/v2\/comments?post=89368"}],"wp:featuredmedia":[{"embeddable":true,"href":"https:\/\/staging.aavesa.com\/hu\/wp-json\/wp\/v2\/media\/79593"}],"wp:attachment":[{"href":"https:\/\/staging.aavesa.com\/hu\/wp-json\/wp\/v2\/media?parent=89368"}],"wp:term":[{"taxonomy":"product_brand","embeddable":true,"href":"https:\/\/staging.aavesa.com\/hu\/wp-json\/wp\/v2\/product_brand?post=89368"},{"taxonomy":"product_cat","embeddable":true,"href":"https:\/\/staging.aavesa.com\/hu\/wp-json\/wp\/v2\/product_cat?post=89368"},{"taxonomy":"product_tag","embeddable":true,"href":"https:\/\/staging.aavesa.com\/hu\/wp-json\/wp\/v2\/product_tag?post=89368"}],"curies":[{"name":"wp","href":"https:\/\/api.w.org\/{rel}","templated":true}]}}