{"id":89292,"date":"2024-07-26T16:35:28","date_gmt":"2024-07-26T16:35:28","guid":{"rendered":"https:\/\/new.aavesa.com\/produs\/juhaszkabat-2078\/"},"modified":"2026-04-13T09:16:44","modified_gmt":"2026-04-13T11:16:44","slug":"juhaszkabat-2078","status":"publish","type":"product","link":"https:\/\/staging.aavesa.com\/hu\/product\/juhaszkabat-2078\/","title":{"rendered":"Juh\u00e1szkab\u00e1t 2078"},"content":{"rendered":"<p>Vigy\u00e9l klasszikus eleganci\u00e1t a ruhat\u00e1radba ezzel a term\u00e9szetes sz\u0151rmebund\u00e1val. Ez a n\u0151i kab\u00e1t midi hossz\u00fas\u00e1g\u00fa szab\u00e1ssal \u00e9s eleg\u00e1ns der\u00e9ksz\u00edjjal, amely kiemeli a sziluettet, a kifinomult st\u00edlust a legmagasabb min\u0151s\u00e9g\u0171 b\u00e1r\u00e1nysz\u0151rme melegs\u00e9g\u00e9vel \u00e9s k\u00e9nyelm\u00e9vel \u00f6tv\u00f6zi. A k\u00e9t zseb praktikus elemet ad, amely lehet\u0151v\u00e9 teszi, hogy szem\u00e9lyes t\u00e1rgyait k\u00e9zn\u00e9l tartsa, mik\u00f6zben meg\u0151rizheti kifog\u00e1stalan megjelen\u00e9s\u00e9t. Ak\u00e1r alkalmi, ak\u00e1r eleg\u00e1nsabb \u00f6lt\u00f6z\u00e9kkel p\u00e1ros\u00edtja, ez a term\u00e9szetes sz\u0151rmebunda minden megjelen\u00e9s\u00e9t st\u00edlusoss\u00e1 teszi. Modell\u00fcnk 175 cm magas, 36-os m\u00e9retet visel, a term\u00e9k hossza 115 cm.<\/p>\n","protected":false},"excerpt":{"rendered":"<p>Vigy\u00e9l klasszikus eleganci\u00e1t a ruhat\u00e1radba ezzel a term\u00e9szetes sz\u0151rmebund\u00e1val. Ez a n\u0151i kab\u00e1t midi hossz\u00fas\u00e1g\u00fa szab\u00e1ssal \u00e9s eleg\u00e1ns der\u00e9ksz\u00edjjal, amely kiemeli a sziluettet, a kifinomult st\u00edlust a legmagasabb min\u0151s\u00e9g\u0171 b\u00e1r\u00e1nysz\u0151rme melegs\u00e9g\u00e9vel \u00e9s k\u00e9nyelm\u00e9vel \u00f6tv\u00f6zi. A k\u00e9t zseb praktikus elemet ad, amely lehet\u0151v\u00e9 teszi, hogy szem\u00e9lyes t\u00e1rgyait k\u00e9zn\u00e9l tartsa, mik\u00f6zben meg\u0151rizheti kifog\u00e1stalan megjelen\u00e9s\u00e9t. Ak\u00e1r alkalmi, ak\u00e1r [&hellip;]<\/p>\n","protected":false},"featured_media":89294,"comment_status":"closed","ping_status":"closed","template":"","meta":{"_acf_changed":false,"inline_featured_image":false},"product_brand":[],"product_cat":[727,778,779],"product_tag":[],"class_list":{"0":"post-89292","1":"product","2":"type-product","3":"status-publish","4":"has-post-thumbnail","6":"product_cat-2023-2024-kollekcio","7":"product_cat-baranybor-kabatok-hu","8":"product_cat-noi-shearling-kabatok","10":"first","11":"instock","12":"taxable","13":"shipping-taxable","14":"purchasable","15":"product-type-variable","16":"has-default-attributes","17":"wvs-archive-product-wrapper"},"acf":{"categorie_feed":""},"aioseo_notices":[],"_links":{"self":[{"href":"https:\/\/staging.aavesa.com\/hu\/wp-json\/wp\/v2\/product\/89292","targetHints":{"allow":["GET"]}}],"collection":[{"href":"https:\/\/staging.aavesa.com\/hu\/wp-json\/wp\/v2\/product"}],"about":[{"href":"https:\/\/staging.aavesa.com\/hu\/wp-json\/wp\/v2\/types\/product"}],"replies":[{"embeddable":true,"href":"https:\/\/staging.aavesa.com\/hu\/wp-json\/wp\/v2\/comments?post=89292"}],"wp:featuredmedia":[{"embeddable":true,"href":"https:\/\/staging.aavesa.com\/hu\/wp-json\/wp\/v2\/media\/89294"}],"wp:attachment":[{"href":"https:\/\/staging.aavesa.com\/hu\/wp-json\/wp\/v2\/media?parent=89292"}],"wp:term":[{"taxonomy":"product_brand","embeddable":true,"href":"https:\/\/staging.aavesa.com\/hu\/wp-json\/wp\/v2\/product_brand?post=89292"},{"taxonomy":"product_cat","embeddable":true,"href":"https:\/\/staging.aavesa.com\/hu\/wp-json\/wp\/v2\/product_cat?post=89292"},{"taxonomy":"product_tag","embeddable":true,"href":"https:\/\/staging.aavesa.com\/hu\/wp-json\/wp\/v2\/product_tag?post=89292"}],"curies":[{"name":"wp","href":"https:\/\/api.w.org\/{rel}","templated":true}]}}