{"id":89281,"date":"2024-07-26T16:35:27","date_gmt":"2024-07-26T16:35:27","guid":{"rendered":"https:\/\/new.aavesa.com\/produs\/tulmeretezett-bor-arok-1040\/"},"modified":"2025-11-17T06:34:09","modified_gmt":"2025-11-17T06:34:09","slug":"tulmeretezett-bor-arok-1040","status":"publish","type":"product","link":"https:\/\/staging.aavesa.com\/hu\/product\/tulmeretezett-bor-arok-1040\/","title":{"rendered":"T\u00falm\u00e9retezett b\u0151r \u00e1rok 1040"},"content":{"rendered":"<p>Term\u00e9szetes b\u0151rb\u0151l k\u00e9sz\u00fclt trench coat, amely k\u00f6nnyed\u00e9n eleg\u00e1ns \u00e9s eleg\u00e1ns megjelen\u00e9st k\u00f6lcs\u00f6n\u00f6z \u00d6nnek. A t\u00falm\u00e9retezett kialak\u00edt\u00e1s alkalmi \u00e9s exkluz\u00edv megjelen\u00e9st k\u00f6lcs\u00f6n\u00f6z a trench coatnak. K\u00e9t nagym\u00e9ret\u0171 el\u00fcls\u0151 zsebbel rendelkezik, \u00e9s gombokkal z\u00e1r\u00f3dik. A der\u00e9ksz\u00edj \u00e9s a v\u00e1llp\u00e1ntok olyan r\u00e9szletek, amelyek extra \u00e9rdekess\u00e9get k\u00f6lcs\u00f6n\u00f6znek a trencsekk klasszikus szab\u00e1s\u00e1nak. A trench coat kiv\u00e1l\u00f3 min\u0151s\u00e9g\u0171 b\u00e1r\u00e1nyb\u0151rb\u0151l k\u00e9sz\u00fclt, amely anyag nagyon kellemes tapint\u00e1s\u00fa \u00e9s rendk\u00edv\u00fcl tart\u00f3s az id\u0151 m\u00fal\u00e1s\u00e1val. Modell\u00fcnk 175 cm magas, 36-os m\u00e9retet visel, a term\u00e9k hossza 122 cm.<\/p>\n","protected":false},"excerpt":{"rendered":"<p>Term\u00e9szetes b\u0151rb\u0151l k\u00e9sz\u00fclt trench coat, amely k\u00f6nnyed\u00e9n eleg\u00e1ns \u00e9s eleg\u00e1ns megjelen\u00e9st k\u00f6lcs\u00f6n\u00f6z \u00d6nnek. A t\u00falm\u00e9retezett kialak\u00edt\u00e1s alkalmi \u00e9s exkluz\u00edv megjelen\u00e9st k\u00f6lcs\u00f6n\u00f6z a trench coatnak. K\u00e9t nagym\u00e9ret\u0171 el\u00fcls\u0151 zsebbel rendelkezik, \u00e9s gombokkal z\u00e1r\u00f3dik. A der\u00e9ksz\u00edj \u00e9s a v\u00e1llp\u00e1ntok olyan r\u00e9szletek, amelyek extra \u00e9rdekess\u00e9get k\u00f6lcs\u00f6n\u00f6znek a trencsekk klasszikus szab\u00e1s\u00e1nak. A trench coat kiv\u00e1l\u00f3 min\u0151s\u00e9g\u0171 b\u00e1r\u00e1nyb\u0151rb\u0151l k\u00e9sz\u00fclt, amely [&hellip;]<\/p>\n","protected":false},"featured_media":89282,"comment_status":"closed","ping_status":"closed","template":"","meta":{"_acf_changed":false,"inline_featured_image":false},"product_brand":[],"product_cat":[727,883,916],"product_tag":[],"class_list":{"0":"post-89281","1":"product","2":"type-product","3":"status-publish","4":"has-post-thumbnail","6":"product_cat-2023-2024-kollekcio","7":"product_cat-borkabatok-es-borkabatok","8":"product_cat-valodi-bor-termekek-tavaszra-es-oszre-kabatok-nadragok-kabatok-szoknyak-es-loveszkabatok-kabatok-nadragok-kabatok-szoknyak-es-loveszkabatok","10":"first","11":"instock","12":"taxable","13":"shipping-taxable","14":"purchasable","15":"product-type-variable","16":"has-default-attributes","17":"wvs-archive-product-wrapper"},"acf":{"categorie_feed":""},"aioseo_notices":[],"_links":{"self":[{"href":"https:\/\/staging.aavesa.com\/hu\/wp-json\/wp\/v2\/product\/89281","targetHints":{"allow":["GET"]}}],"collection":[{"href":"https:\/\/staging.aavesa.com\/hu\/wp-json\/wp\/v2\/product"}],"about":[{"href":"https:\/\/staging.aavesa.com\/hu\/wp-json\/wp\/v2\/types\/product"}],"replies":[{"embeddable":true,"href":"https:\/\/staging.aavesa.com\/hu\/wp-json\/wp\/v2\/comments?post=89281"}],"wp:featuredmedia":[{"embeddable":true,"href":"https:\/\/staging.aavesa.com\/hu\/wp-json\/wp\/v2\/media\/89282"}],"wp:attachment":[{"href":"https:\/\/staging.aavesa.com\/hu\/wp-json\/wp\/v2\/media?parent=89281"}],"wp:term":[{"taxonomy":"product_brand","embeddable":true,"href":"https:\/\/staging.aavesa.com\/hu\/wp-json\/wp\/v2\/product_brand?post=89281"},{"taxonomy":"product_cat","embeddable":true,"href":"https:\/\/staging.aavesa.com\/hu\/wp-json\/wp\/v2\/product_cat?post=89281"},{"taxonomy":"product_tag","embeddable":true,"href":"https:\/\/staging.aavesa.com\/hu\/wp-json\/wp\/v2\/product_tag?post=89281"}],"curies":[{"name":"wp","href":"https:\/\/api.w.org\/{rel}","templated":true}]}}