{"id":89100,"date":"2024-07-26T16:36:32","date_gmt":"2024-07-26T16:36:32","guid":{"rendered":"https:\/\/new.aavesa.com\/produs\/tulmeretezett-valodi-bor-arok-1040\/"},"modified":"2025-11-17T06:33:37","modified_gmt":"2025-11-17T06:33:37","slug":"tulmeretezett-valodi-bor-arok-1040","status":"publish","type":"product","link":"https:\/\/staging.aavesa.com\/hu\/product\/tulmeretezett-valodi-bor-arok-1040\/","title":{"rendered":"T\u00falm\u00e9retezett val\u00f3di b\u0151r \u00e1rok 1040"},"content":{"rendered":"<p>Az elegancia \u00e9s a kifinomults\u00e1g tal\u00e1lkozik ebben a kiv\u00e9teles, <a href=\"https:\/\/staging.aavesa.com\/hu\/nok\/borkabatok-es-borkabatok\/\">t\u00falm\u00e9retezett val\u00f3di b\u0151rb\u0151l k\u00e9sz\u00fclt trencs\u00e9ben<\/a>. A legmagasabb min\u0151s\u00e9g\u0171 b\u0151rb\u0151l k\u00e9sz\u00fclt trencsekk klasszikus \u00e9s id\u0151tlen diz\u00e1jnj\u00e1val ny\u0171g\u00f6z le. A gombos z\u00e1r\u00f3d\u00e1s \u00e9s az \u00e1ll\u00edthat\u00f3 \u00f6v sokoldal\u00fas\u00e1got \u00e9s st\u00edlust k\u00f6lcs\u00f6n\u00f6z, \u00edgy a megjelen\u00e9sed a saj\u00e1t preferenci\u00e1idhoz igaz\u00edthatod. K\u00e9t praktikus zsebbel rendelkezik, hogy k\u00e9zn\u00e9l legyenek a t\u00e1rgyai. Vintage sz\u00edne egyedi \u00e9s kifinomult megjelen\u00e9st biztos\u00edt, \u00edgy ez a b\u0151r trenchcoat gy\u0171jt\u0151i darabk\u00e1v\u00e1 v\u00e1lik. Ezzel a term\u00e9kkel egy csipetnyi klasszikus eleganci\u00e1t \u00e9s b\u00e1jt vihetsz a ruhat\u00e1radba. Sz\u00fcrke \u00e9s fekete sz\u00ednben kaphat\u00f3. Modell\u00fcnk 175 cm magas, 36-os m\u00e9retet visel, a term\u00e9k hossza 122 cm.<\/p>\n","protected":false},"excerpt":{"rendered":"<p>Az elegancia \u00e9s a kifinomults\u00e1g tal\u00e1lkozik ebben a kiv\u00e9teles, t\u00falm\u00e9retezett val\u00f3di b\u0151rb\u0151l k\u00e9sz\u00fclt trencs\u00e9ben. A legmagasabb min\u0151s\u00e9g\u0171 b\u0151rb\u0151l k\u00e9sz\u00fclt trencsekk klasszikus \u00e9s id\u0151tlen diz\u00e1jnj\u00e1val ny\u0171g\u00f6z le. A gombos z\u00e1r\u00f3d\u00e1s \u00e9s az \u00e1ll\u00edthat\u00f3 \u00f6v sokoldal\u00fas\u00e1got \u00e9s st\u00edlust k\u00f6lcs\u00f6n\u00f6z, \u00edgy a megjelen\u00e9sed a saj\u00e1t preferenci\u00e1idhoz igaz\u00edthatod. K\u00e9t praktikus zsebbel rendelkezik, hogy k\u00e9zn\u00e9l legyenek a t\u00e1rgyai. Vintage sz\u00edne [&hellip;]<\/p>\n","protected":false},"featured_media":89102,"comment_status":"closed","ping_status":"closed","template":"","meta":{"_acf_changed":false,"inline_featured_image":false},"product_brand":[],"product_cat":[727,883,916],"product_tag":[],"class_list":{"0":"post-89100","1":"product","2":"type-product","3":"status-publish","4":"has-post-thumbnail","6":"product_cat-2023-2024-kollekcio","7":"product_cat-borkabatok-es-borkabatok","8":"product_cat-valodi-bor-termekek-tavaszra-es-oszre-kabatok-nadragok-kabatok-szoknyak-es-loveszkabatok-kabatok-nadragok-kabatok-szoknyak-es-loveszkabatok","10":"first","11":"instock","12":"taxable","13":"shipping-taxable","14":"purchasable","15":"product-type-variable","16":"has-default-attributes","17":"wvs-archive-product-wrapper"},"acf":{"categorie_feed":""},"aioseo_notices":[],"_links":{"self":[{"href":"https:\/\/staging.aavesa.com\/hu\/wp-json\/wp\/v2\/product\/89100","targetHints":{"allow":["GET"]}}],"collection":[{"href":"https:\/\/staging.aavesa.com\/hu\/wp-json\/wp\/v2\/product"}],"about":[{"href":"https:\/\/staging.aavesa.com\/hu\/wp-json\/wp\/v2\/types\/product"}],"replies":[{"embeddable":true,"href":"https:\/\/staging.aavesa.com\/hu\/wp-json\/wp\/v2\/comments?post=89100"}],"wp:featuredmedia":[{"embeddable":true,"href":"https:\/\/staging.aavesa.com\/hu\/wp-json\/wp\/v2\/media\/89102"}],"wp:attachment":[{"href":"https:\/\/staging.aavesa.com\/hu\/wp-json\/wp\/v2\/media?parent=89100"}],"wp:term":[{"taxonomy":"product_brand","embeddable":true,"href":"https:\/\/staging.aavesa.com\/hu\/wp-json\/wp\/v2\/product_brand?post=89100"},{"taxonomy":"product_cat","embeddable":true,"href":"https:\/\/staging.aavesa.com\/hu\/wp-json\/wp\/v2\/product_cat?post=89100"},{"taxonomy":"product_tag","embeddable":true,"href":"https:\/\/staging.aavesa.com\/hu\/wp-json\/wp\/v2\/product_tag?post=89100"}],"curies":[{"name":"wp","href":"https:\/\/api.w.org\/{rel}","templated":true}]}}